{"id":133,"date":"2020-05-01T16:19:56","date_gmt":"2020-05-01T14:19:56","guid":{"rendered":"https:\/\/dallay.net\/here\/?page_id=133"},"modified":"2021-01-17T17:19:20","modified_gmt":"2021-01-17T16:19:20","slug":"sucre","status":"publish","type":"page","link":"https:\/\/dallay.net\/here\/index.php\/sucre\/","title":{"rendered":"Recettes sucr\u00e9es"},"content":{"rendered":"\n<ul><li><a href=\"https:\/\/dallay.net\/here\/index.php\/les-bouchees-au-citron\/\">Les bouch\u00e9es au citron<\/a><\/li><li><a href=\"https:\/\/dallay.net\/here\/index.php\/cake-aux-clementines-de-corse\/\">Cake aux cl\u00e9mentines de Corse<\/a><\/li><li><a href=\"https:\/\/dallay.net\/here\/index.php\/the-famous-carot-cake\/\">Le carot cake<\/a><\/li><li><a href=\"https:\/\/dallay.net\/here\/index.php\/page-d-exemple\/le-cheese-cake\/\">Le cheese Cake<\/a><\/li><li><a href=\"https:\/\/dallay.net\/here\/index.php\/la-charlotte-aux-fraises\/\">La charlotte aux fraises<\/a><\/li><li><a href=\"https:\/\/dallay.net\/here\/index.php\/clementines-roties-et-sorbet-mangue-passion\/\">Cl\u00e9mentines r\u00f4ties et sorbet mangue-passion<\/a><\/li><li><a href=\"https:\/\/dallay.net\/here\/index.php\/couronnes-briochees-bordelaises\/\">Les couronnes brioch\u00e9es bordelaises<\/a><\/li><li><a href=\"https:\/\/dallay.net\/here\/index.php\/creme-brulee-de-remi\/\">La cr\u00e8me br\u00fbl\u00e9e de R\u00e9mi<\/a><\/li><li><a href=\"https:\/\/dallay.net\/here\/index.php\/la-creme-caramel-au-micro-ondes\/\">La cr\u00e8me au caramel au micro ondes<\/a><\/li><li><a href=\"https:\/\/dallay.net\/here\/index.php\/les-crepes\/\">Les cr\u00e8pes<\/a><\/li><li><a href=\"https:\/\/dallay.net\/here\/index.php\/le-crumble-au-micro-ondes\/\">Le crumble aux pommes au micro ondes<\/a><\/li><li><a href=\"https:\/\/dallay.net\/here\/index.php\/lemince-de-mangue-sable-et-mousse-mascarpone\/\">L&rsquo;\u00e9minc\u00e9 de mangue, sabl\u00e9 et mousse mascarpone<\/a><\/li><li><a href=\"https:\/\/dallay.net\/here\/index.php\/la-fameuse-tarte-au-chocolat\/\">La fameuse tarte au chocolat<\/a><\/li><li><a href=\"https:\/\/dallay.net\/here\/index.php\/les-financiers\/\">Les financiers<\/a><\/li><li><a href=\"https:\/\/dallay.net\/here\/index.php\/le-flan-patissier\/\">Le flan p\u00e2tissier<\/a><\/li><li><a href=\"https:\/\/dallay.net\/here\/index.php\/la-galette-poire-chocolat-de-camille\/\">La galette poire chocolat<\/a><\/li><li><a href=\"https:\/\/dallay.net\/here\/index.php\/le-gateau-au-chocolat-de-nathalie\/\">Le g\u00e2teau au chocolat de Nathalie<\/a><\/li><li><a href=\"https:\/\/dallay.net\/here\/index.php\/gateau-prefere-de-julie-moelleux-a-lorange-fourre-au-nutella\/\">Le g\u00e2teau pr\u00e9f\u00e9r\u00e9 de Julien: moelleux \u00e0 l\u2019orange fourr\u00e9 au Nutella<\/a><\/li><li><a href=\"https:\/\/dallay.net\/here\/index.php\/le-gateau-au-yaourt-dannabelle\/\">Le g\u00e2teau au yaourt d&rsquo;Annabelle<\/a><\/li><li><a href=\"https:\/\/dallay.net\/here\/index.php\/gaufres-chaudes-de-bruxelles-frifri\/\">Les gaufres chaudes de Bruxelles (recette gaufrier Frifri) <\/a><\/li><li><a href=\"https:\/\/dallay.net\/here\/index.php\/the-lemon-curd\/\">Le lemon curd<\/a><\/li><li><a href=\"https:\/\/dallay.net\/here\/index.php\/la-mousse-au-citron\/\">La mousse au citron<\/a><\/li><li><a href=\"https:\/\/dallay.net\/here\/index.php\/la-mousse-au-chocolat\/\">La mousse au chocolat<\/a><\/li><li><a href=\"https:\/\/dallay.net\/here\/index.php\/mousse-a-un-chocolat-de-la-maison-valrhona\/\">La mousse au chocolat de la maison Valrhona<\/a><\/li><li><a href=\"https:\/\/dallay.net\/here\/index.php\/panna-cotta\/\">La panna cotta<\/a><\/li><li><a href=\"https:\/\/dallay.net\/here\/index.php\/the-pecan-pie\/\">La pecan pie<\/a><\/li><li><a href=\"https:\/\/dallay.net\/here\/index.php\/les-sables-au-citron\/\">Les sabl\u00e9s au citron<\/a><\/li><li><a href=\"https:\/\/dallay.net\/here\/index.php\/la-tarte-au-fromage-blanc-du-caveau-deguisheim\/\">La tarte au fromage blanc<\/a><\/li><li><a href=\"https:\/\/dallay.net\/here\/index.php\/la-tarte-au-sucre-comme-a-bruxelles\/\">La tarte au sucre<\/a><\/li><li><a href=\"https:\/\/dallay.net\/here\/index.php\/tarte-facile-chocolat-poires\/\">La tarte facile chocolat &#8211; poires<\/a><\/li><li><a href=\"https:\/\/dallay.net\/here\/index.php\/la-tarte-tatin\/\">La tarte tatin d\u2019Albertine et Jacques<\/a><\/li><\/ul>\n\n\n\n<p><\/p>\n","protected":false},"excerpt":{"rendered":"<p>Les bouch\u00e9es au citron Cake aux cl\u00e9mentines de Corse Le carot cake Le cheese Cake La charlotte aux fraises Cl\u00e9mentines r\u00f4ties et sorbet mangue-passion Les couronnes brioch\u00e9es bordelaises La cr\u00e8me br\u00fbl\u00e9e de R\u00e9mi La cr\u00e8me &hellip;<\/p>\n","protected":false},"author":1,"featured_media":176,"parent":0,"menu_order":0,"comment_status":"closed","ping_status":"closed","template":"","meta":[],"_links":{"self":[{"href":"https:\/\/dallay.net\/here\/index.php\/wp-json\/wp\/v2\/pages\/133"}],"collection":[{"href":"https:\/\/dallay.net\/here\/index.php\/wp-json\/wp\/v2\/pages"}],"about":[{"href":"https:\/\/dallay.net\/here\/index.php\/wp-json\/wp\/v2\/types\/page"}],"author":[{"embeddable":true,"href":"https:\/\/dallay.net\/here\/index.php\/wp-json\/wp\/v2\/users\/1"}],"replies":[{"embeddable":true,"href":"https:\/\/dallay.net\/here\/index.php\/wp-json\/wp\/v2\/comments?post=133"}],"version-history":[{"count":20,"href":"https:\/\/dallay.net\/here\/index.php\/wp-json\/wp\/v2\/pages\/133\/revisions"}],"predecessor-version":[{"id":692,"href":"https:\/\/dallay.net\/here\/index.php\/wp-json\/wp\/v2\/pages\/133\/revisions\/692"}],"wp:featuredmedia":[{"embeddable":true,"href":"https:\/\/dallay.net\/here\/index.php\/wp-json\/wp\/v2\/media\/176"}],"wp:attachment":[{"href":"https:\/\/dallay.net\/here\/index.php\/wp-json\/wp\/v2\/media?parent=133"}],"curies":[{"name":"wp","href":"https:\/\/api.w.org\/{rel}","templated":true}]}}