{"id":135,"date":"2020-05-01T16:20:16","date_gmt":"2020-05-01T14:20:16","guid":{"rendered":"https:\/\/dallay.net\/here\/?page_id=135"},"modified":"2020-12-26T15:22:09","modified_gmt":"2020-12-26T14:22:09","slug":"sale","status":"publish","type":"page","link":"https:\/\/dallay.net\/here\/index.php\/sale\/","title":{"rendered":"Recettes Sal\u00e9es"},"content":{"rendered":"\n<ul><li><a href=\"https:\/\/dallay.net\/here\/index.php\/la-blanquette-de-veau\/\">La blanquette de veau<\/a><\/li><li><a href=\"https:\/\/dallay.net\/here\/index.php\/les-carbonades-flamandes-a-la-mijoteuse\/\">Les carbonades flamandes<\/a><\/li><li><a href=\"https:\/\/dallay.net\/here\/index.php\/le-caviar-daubergines-au-micro-ondes\/\">Le caviar d&rsquo;aubergines au micro ondes<\/a><\/li><li><a href=\"https:\/\/dallay.net\/here\/index.php\/le-curry-de-poulet-a-la-thailandaise\/\">Le curry de poulet \u00e0 la Thailandaise<\/a><\/li><li><a href=\"https:\/\/dallay.net\/here\/index.php\/le-cake-a-la-feta-et-aux-herbes-fraiches\/\">Le cake \u00e0 la feta aux tomates<\/a><\/li><li><a href=\"https:\/\/dallay.net\/here\/index.php\/le-cake-aux-deux-olives\/\">Le cake aux deux olives<\/a><\/li><li><a href=\"https:\/\/dallay.net\/here\/index.php\/page-d-exemple\/le-cake-a-lorientale\/\">Le cake \u00e0 l&rsquo;orientale<\/a><\/li><li><a href=\"https:\/\/dallay.net\/here\/index.php\/le-cake-au-pesto-et-aux-pignons-de-pin\/\">Le cake au pesto et pignons de pin<\/a><\/li><li><a href=\"https:\/\/dallay.net\/here\/index.php\/le-cake-aux-poires-au-roquefort-et-aux-noix\/\">Le cake au roquefort, poires et noix<\/a><\/li><li><a href=\"https:\/\/dallay.net\/here\/index.php\/le-cake-aux-tomates-sechees-capres-et-basilic\/\">Le cake aux tomates s\u00e9ch\u00e9es, c\u00e2pres et basilic<\/a><\/li><li><a href=\"https:\/\/dallay.net\/here\/index.php\/carottes-marinees\/\">Carottes marin\u00e9es<\/a><\/li><li><a href=\"https:\/\/dallay.net\/here\/index.php\/chili-con-carne-a-la-mijoteuse\/\">Chili con carne \u00e0 la mijoteuse<\/a> <\/li><li><a href=\"https:\/\/dallay.net\/here\/index.php\/596-2\/\">Cury de poulet Penang \u00e0 la mijoteuse<\/a><\/li><li><a href=\"https:\/\/dallay.net\/here\/index.php\/le-filet-mignon-de-porc-marine-au-whisky\/\">Le filet mignon au wisky, sauce BBQ<\/a><\/li><li><a href=\"https:\/\/dallay.net\/here\/index.php\/la-frittata-aux-courgettes\/\">La frittata aux courgettes<\/a><\/li><li><a href=\"https:\/\/dallay.net\/here\/index.php\/la-fondue-de-poireaux\/\">La fondue de poireaux<\/a><\/li><li><a href=\"https:\/\/dallay.net\/here\/index.php\/le-gratin-de-patates-douces-aux-epinards\/\">Le gratin de patates douces aux \u00e9pinards<\/a> \u00e0 la mijoteuse <\/li><li><a href=\"https:\/\/dallay.net\/here\/index.php\/les-lasagnes\/\">Les lassagnes<\/a><\/li><li><a href=\"https:\/\/dallay.net\/here\/index.php\/les-succulentes-lasagnes-vegetariennes\/\">Les lassagnes v\u00e9gie<\/a><\/li><li><a href=\"https:\/\/dallay.net\/here\/index.php\/le-pain-de-viande-de-mamie-simone\/\">Le pain de viande de Mamie Simone<\/a><\/li><li><a href=\"https:\/\/dallay.net\/here\/index.php\/les-pates-aux-carottes-et-courgettes\/\">Les p\u00e2tes aux carottes et courgettes<\/a><\/li><li><a href=\"https:\/\/dallay.net\/here\/index.php\/les-penne-aux-poireaux-a-la-mijoteuse\/\">Les penne aux poireaux<\/a> \u00e0 la mijoteuse <\/li><li><a href=\"https:\/\/dallay.net\/here\/index.php\/le-pesto-rosso-aux-tomates-sechees\/\">Le pesto rosso aux tomates s\u00e9ch\u00e9es<\/a><\/li><li><a href=\"https:\/\/dallay.net\/here\/index.php\/poivrons-rotis\/\">Poivrons r\u00f4tis<\/a><\/li><li><a href=\"https:\/\/dallay.net\/here\/index.php\/poulet-roti-speculos-et-chataignes\/\">Le poulet r\u00f4ti en cocotte aux sp\u00e9culos et aux ch\u00e2taignes <\/a><\/li><li><a href=\"https:\/\/dallay.net\/here\/index.php\/la-fameuse-puree-de-celeri-rave\/\">La pur\u00e9e de c\u00e9leri rave<\/a><\/li><li><a href=\"https:\/\/dallay.net\/here\/index.php\/la-puree-de-pommes-de-terre-poivrons-et-lait-de-coco\/\">La pur\u00e9e de pommes de terre, poivrons et lait de coco<\/a><\/li><li><a href=\"https:\/\/dallay.net\/here\/index.php\/page-d-exemple\/les-sables-aux-graines-de-pavot\/\">Les sabl\u00e9s aux graines de pavot<\/a><\/li><li><a href=\"https:\/\/dallay.net\/here\/index.php\/saumon-bouillon-thai-riz-aux-petits-pois-de-cyril-lignac\/\">Le saumon bouillon tha\u00ef, riz aux petits pois de Cyril Lignac<\/a><\/li><li><a href=\"https:\/\/dallay.net\/here\/index.php\/le-souffle-de-carottes\/\">Le souffl\u00e9 aux carottes de Libby<\/a><\/li><li><a href=\"https:\/\/dallay.net\/here\/index.php\/le-risotto-de-coquillettes-de-jean-francois-piege\/\">Le risotto de coquillettes de Jean-Fran\u00e7ois Pi\u00e8ge<\/a><\/li><li><a href=\"https:\/\/dallay.net\/here\/index.php\/le-risotto-aux-carottes\/\">Le risotto aux carottes<\/a><\/li><li><a href=\"https:\/\/dallay.net\/here\/index.php\/risotto-aux-chataignes-et-aux-poire\/\">Le risotto aux ch\u00e2taignes et aux poires<\/a><\/li><li><a href=\"https:\/\/dallay.net\/here\/index.php\/le-risotto-aux-pommes\/\">Le risotto aux pommes<\/a><\/li><li><a href=\"https:\/\/dallay.net\/here\/index.php\/le-risotto-vert\/\">Le risotto vert<\/a><\/li><li><a href=\"https:\/\/dallay.net\/here\/index.php\/page-d-exemple\/le-riz-vert-de-b-m\/\">Le riz vert<\/a><\/li><li><a href=\"https:\/\/dallay.net\/here\/index.php\/spaghetti-aubergines-thym-et-fromage-de-chevre\/\">Les spaghetti aux aubergines, thym et fromage de ch\u00e8vre<\/a><\/li><li><a href=\"https:\/\/dallay.net\/here\/index.php\/soupe-de-brocolis\/\">La soupe de brocolis<\/a><\/li><li><a href=\"https:\/\/dallay.net\/here\/index.php\/soupe-de-courgettes\/\">La soupe de courgettes<\/a><\/li><li><a href=\"https:\/\/dallay.net\/here\/index.php\/le-taboule-quinoa-boulgour\/\">Le taboule quinoa boulgour<\/a><\/li><li><a href=\"https:\/\/dallay.net\/here\/index.php\/le-tartare-de-loup-de-mer\/\">Le tartare de loup de mer, p\u00e9tales de tomates confites<\/a><\/li><li><a href=\"https:\/\/dallay.net\/here\/index.php\/tarte-tatin-carottes-coriandre\/\">La tarte tatin carottes coriandre<\/a><\/li><li><a href=\"https:\/\/dallay.net\/here\/index.php\/la-tortilla-aux-courgettes-coriandre-et-menthe\/\">La tortilla aux courgettes, coriandre et menthe<\/a><\/li><li><a href=\"https:\/\/dallay.net\/here\/index.php\/la-veritable-recette-du-waterzoi-de-poulet\/\">Le waterzo\u00ef de poulet<\/a> \u00e0 la mijoteuse <\/li><\/ul>\n\n\n\n<p><\/p>\n","protected":false},"excerpt":{"rendered":"<p>La blanquette de veau Les carbonades flamandes Le caviar d&rsquo;aubergines au micro ondes Le curry de poulet \u00e0 la Thailandaise Le cake \u00e0 la feta aux tomates Le cake aux deux olives Le cake \u00e0 &hellip;<\/p>\n","protected":false},"author":1,"featured_media":0,"parent":0,"menu_order":0,"comment_status":"closed","ping_status":"closed","template":"","meta":[],"_links":{"self":[{"href":"https:\/\/dallay.net\/here\/index.php\/wp-json\/wp\/v2\/pages\/135"}],"collection":[{"href":"https:\/\/dallay.net\/here\/index.php\/wp-json\/wp\/v2\/pages"}],"about":[{"href":"https:\/\/dallay.net\/here\/index.php\/wp-json\/wp\/v2\/types\/page"}],"author":[{"embeddable":true,"href":"https:\/\/dallay.net\/here\/index.php\/wp-json\/wp\/v2\/users\/1"}],"replies":[{"embeddable":true,"href":"https:\/\/dallay.net\/here\/index.php\/wp-json\/wp\/v2\/comments?post=135"}],"version-history":[{"count":53,"href":"https:\/\/dallay.net\/here\/index.php\/wp-json\/wp\/v2\/pages\/135\/revisions"}],"predecessor-version":[{"id":633,"href":"https:\/\/dallay.net\/here\/index.php\/wp-json\/wp\/v2\/pages\/135\/revisions\/633"}],"wp:attachment":[{"href":"https:\/\/dallay.net\/here\/index.php\/wp-json\/wp\/v2\/media?parent=135"}],"curies":[{"name":"wp","href":"https:\/\/api.w.org\/{rel}","templated":true}]}}