{"id":137,"date":"2020-05-01T16:20:37","date_gmt":"2020-05-01T14:20:37","guid":{"rendered":"https:\/\/dallay.net\/here\/?page_id=137"},"modified":"2020-05-10T13:52:00","modified_gmt":"2020-05-10T11:52:00","slug":"inattendu","status":"publish","type":"page","link":"https:\/\/dallay.net\/here\/index.php\/inattendu\/","title":{"rendered":"Les recettes des Milleniums"},"content":{"rendered":"\n<ul>\n  <li><a href=\"https:\/\/dallay.net\/here\/index.php\/la-focaccia-de-charlotte-et-dannabelle\/\">La Focaccia de Charlotte et d\u2019Annabelle<\/a> <\/li>\n  <li><a href=\"https:\/\/dallay.net\/here\/index.php\/yakitori-au-poulet-au-sesame-grille-demilie-et-elisa\/\">Les yakitori de poulet s\u00e9same grill\u00e9<\/a><\/li>\n  <li><a href=\"https:\/\/dallay.net\/here\/index.php\/les-mini-madeleines-au-the-vert-de-chloe\/\">Les mini madeleines de Chlo\u00e9<\/a><\/li>\n<\/ul>\n\n\n<p><\/p>\n","protected":false},"excerpt":{"rendered":"<p>La Focaccia de Charlotte et d\u2019Annabelle Les yakitori de poulet s\u00e9same grill\u00e9 Les mini madeleines de Chlo\u00e9<\/p>\n","protected":false},"author":1,"featured_media":179,"parent":0,"menu_order":0,"comment_status":"closed","ping_status":"closed","template":"","meta":[],"_links":{"self":[{"href":"https:\/\/dallay.net\/here\/index.php\/wp-json\/wp\/v2\/pages\/137"}],"collection":[{"href":"https:\/\/dallay.net\/here\/index.php\/wp-json\/wp\/v2\/pages"}],"about":[{"href":"https:\/\/dallay.net\/here\/index.php\/wp-json\/wp\/v2\/types\/page"}],"author":[{"embeddable":true,"href":"https:\/\/dallay.net\/here\/index.php\/wp-json\/wp\/v2\/users\/1"}],"replies":[{"embeddable":true,"href":"https:\/\/dallay.net\/here\/index.php\/wp-json\/wp\/v2\/comments?post=137"}],"version-history":[{"count":6,"href":"https:\/\/dallay.net\/here\/index.php\/wp-json\/wp\/v2\/pages\/137\/revisions"}],"predecessor-version":[{"id":554,"href":"https:\/\/dallay.net\/here\/index.php\/wp-json\/wp\/v2\/pages\/137\/revisions\/554"}],"wp:featuredmedia":[{"embeddable":true,"href":"https:\/\/dallay.net\/here\/index.php\/wp-json\/wp\/v2\/media\/179"}],"wp:attachment":[{"href":"https:\/\/dallay.net\/here\/index.php\/wp-json\/wp\/v2\/media?parent=137"}],"curies":[{"name":"wp","href":"https:\/\/api.w.org\/{rel}","templated":true}]}}