{"id":234,"date":"2020-05-02T15:13:19","date_gmt":"2020-05-02T13:13:19","guid":{"rendered":"https:\/\/dallay.net\/here\/?page_id=234"},"modified":"2020-05-02T15:13:19","modified_gmt":"2020-05-02T13:13:19","slug":"la-fondue-de-poireaux","status":"publish","type":"page","link":"https:\/\/dallay.net\/here\/index.php\/la-fondue-de-poireaux\/","title":{"rendered":"La fondue de poireaux"},"content":{"rendered":"\n<p><strong>Ingr\u00e9dients\u00a0<\/strong><\/p>\n\n\n\n<ul><li>1,5 kg poireaux ( ne garder que le blanc et 1\/2 vert)<\/li><li>60g beurre<\/li><li>2 c. \u00e0 soupe cr\u00e8me fra\u00eeche<\/li><\/ul>\n\n\n\n<p><strong>Pr\u00e9paration<\/strong><\/p>\n\n\n\n<ul><li>Laver et \u00e9mincer finement les poireaux, puis les laver \u00e0 nouveau et les \u00e9goutter.&nbsp;<\/li><li>Cuire dans un moule \u00e0 manqu\u00e9 de 22cm avec 10cl eau et le beurre \u00e0 couvert sur fort pendant 20 \u00e0 22 minutes. Les poireaux doivent \u00eatre fondants. Ajouter sel, poivre et cr\u00e8me fra\u00eeche.&nbsp;&nbsp;<\/li><\/ul>\n","protected":false},"excerpt":{"rendered":"<p>Ingr\u00e9dients\u00a0 1,5 kg poireaux ( ne garder que le blanc et 1\/2 vert) 60g beurre 2 c. \u00e0 soupe cr\u00e8me fra\u00eeche Pr\u00e9paration Laver et \u00e9mincer finement les poireaux, puis les laver \u00e0 nouveau et les &hellip;<\/p>\n","protected":false},"author":2,"featured_media":0,"parent":0,"menu_order":0,"comment_status":"closed","ping_status":"closed","template":"","meta":[],"_links":{"self":[{"href":"https:\/\/dallay.net\/here\/index.php\/wp-json\/wp\/v2\/pages\/234"}],"collection":[{"href":"https:\/\/dallay.net\/here\/index.php\/wp-json\/wp\/v2\/pages"}],"about":[{"href":"https:\/\/dallay.net\/here\/index.php\/wp-json\/wp\/v2\/types\/page"}],"author":[{"embeddable":true,"href":"https:\/\/dallay.net\/here\/index.php\/wp-json\/wp\/v2\/users\/2"}],"replies":[{"embeddable":true,"href":"https:\/\/dallay.net\/here\/index.php\/wp-json\/wp\/v2\/comments?post=234"}],"version-history":[{"count":1,"href":"https:\/\/dallay.net\/here\/index.php\/wp-json\/wp\/v2\/pages\/234\/revisions"}],"predecessor-version":[{"id":235,"href":"https:\/\/dallay.net\/here\/index.php\/wp-json\/wp\/v2\/pages\/234\/revisions\/235"}],"wp:attachment":[{"href":"https:\/\/dallay.net\/here\/index.php\/wp-json\/wp\/v2\/media?parent=234"}],"curies":[{"name":"wp","href":"https:\/\/api.w.org\/{rel}","templated":true}]}}