{"id":236,"date":"2020-05-02T15:15:26","date_gmt":"2020-05-02T13:15:26","guid":{"rendered":"https:\/\/dallay.net\/here\/?page_id=236"},"modified":"2020-05-02T15:15:27","modified_gmt":"2020-05-02T13:15:27","slug":"la-fameuse-puree-de-celeri-rave","status":"publish","type":"page","link":"https:\/\/dallay.net\/here\/index.php\/la-fameuse-puree-de-celeri-rave\/","title":{"rendered":"La fameuse pur\u00e9e de celeri rave"},"content":{"rendered":"\n<p>Pour 6 personnes 30 min puis 25 min<\/p>\n\n\n\n<p><strong>Ingr\u00e9dients<\/strong><\/p>\n\n\n\n<ul><li>1 c\u00e9leri-rave \u00e9peluch\u00e9 avec l&rsquo;\u00e9pluche l\u00e9gume et coup\u00e9 en gros d\u00e9s<\/li><li>1kg pommes de terre en morceaux<\/li><li>1 oignon (facultatif)<\/li><li>60g beurre, lait, sel, poivre.<\/li><\/ul>\n\n\n\n<p><strong>Pr\u00e9paration<\/strong><\/p>\n\n\n\n<p>Porter une grande casserole d&rsquo;eau sal\u00e9e \u00e0 \u00e9bullition.<br>Faites y cuire le c\u00e9leri-rave \u00e0 petit fr\u00e9missement et \u00e0 couvert pendant environ 30 minutes.<br>Ajouter les pommes de terre, couvrir et cuire 20 \u00e0 25 minutes jusqu&rsquo;\u00e0 ce que les l\u00e9gumes soient tendres.<br>\u00c9goutter et mixer avec beurre, lait chaud, sel, (sucre), (et oignon \u00e9minc\u00e9 rissol\u00e9).<\/p>\n","protected":false},"excerpt":{"rendered":"<p>Pour 6 personnes 30 min puis 25 min Ingr\u00e9dients 1 c\u00e9leri-rave \u00e9peluch\u00e9 avec l&rsquo;\u00e9pluche l\u00e9gume et coup\u00e9 en gros d\u00e9s 1kg pommes de terre en morceaux 1 oignon (facultatif) 60g beurre, lait, sel, poivre. Pr\u00e9paration &hellip;<\/p>\n","protected":false},"author":2,"featured_media":0,"parent":0,"menu_order":0,"comment_status":"closed","ping_status":"closed","template":"","meta":[],"_links":{"self":[{"href":"https:\/\/dallay.net\/here\/index.php\/wp-json\/wp\/v2\/pages\/236"}],"collection":[{"href":"https:\/\/dallay.net\/here\/index.php\/wp-json\/wp\/v2\/pages"}],"about":[{"href":"https:\/\/dallay.net\/here\/index.php\/wp-json\/wp\/v2\/types\/page"}],"author":[{"embeddable":true,"href":"https:\/\/dallay.net\/here\/index.php\/wp-json\/wp\/v2\/users\/2"}],"replies":[{"embeddable":true,"href":"https:\/\/dallay.net\/here\/index.php\/wp-json\/wp\/v2\/comments?post=236"}],"version-history":[{"count":1,"href":"https:\/\/dallay.net\/here\/index.php\/wp-json\/wp\/v2\/pages\/236\/revisions"}],"predecessor-version":[{"id":237,"href":"https:\/\/dallay.net\/here\/index.php\/wp-json\/wp\/v2\/pages\/236\/revisions\/237"}],"wp:attachment":[{"href":"https:\/\/dallay.net\/here\/index.php\/wp-json\/wp\/v2\/media?parent=236"}],"curies":[{"name":"wp","href":"https:\/\/api.w.org\/{rel}","templated":true}]}}