{"id":246,"date":"2020-05-02T15:26:48","date_gmt":"2020-05-02T13:26:48","guid":{"rendered":"https:\/\/dallay.net\/here\/?page_id=246"},"modified":"2020-05-02T15:26:48","modified_gmt":"2020-05-02T13:26:48","slug":"la-puree-de-pommes-de-terre-poivrons-et-lait-de-coco","status":"publish","type":"page","link":"https:\/\/dallay.net\/here\/index.php\/la-puree-de-pommes-de-terre-poivrons-et-lait-de-coco\/","title":{"rendered":"La pur\u00e9e de pommes de terre, poivrons et lait de coco"},"content":{"rendered":"\n<p>Temps cuisson: 20 min. cocotte minute puis 10 min \u00e0 gratiner<br><\/p>\n\n\n\n<p><strong>Ingr\u00e9dients pour 6<\/strong><\/p>\n\n\n\n<ul><li>2 grosses pommes de terres par personne<\/li><li>2 gros poivrons rouge<\/li><li>20 cl lait coco<\/li><li>2 gousses ail<\/li><li>2 oignons<\/li><li>1 boule mozzarella<\/li><li>curry, sel, poivre<\/li><\/ul>\n\n\n\n<p><strong>Pr\u00e9paration<\/strong><br>Eplucher les pommes de terre, les couper en morceaux et mettre \u00e0 la vapeur dans une cocotte minute avec les poivrons coup\u00e9s en deux et \u00e9vid\u00e9s. Faire cuire 20 minutes puis \u00e9plucher les poivrons.<br>Hacher ail et oignons. Mixer avec les pommes de terre, les poivrons, le lait de coco, le curry et le sel et le poivre.<br>Disposer dans un plat avec la mozzarella en tranche dessus et mettre \u00e0 gratiner au four environ 10 minutes.<\/p>\n","protected":false},"excerpt":{"rendered":"<p>Temps cuisson: 20 min. cocotte minute puis 10 min \u00e0 gratiner Ingr\u00e9dients pour 6 2 grosses pommes de terres par personne 2 gros poivrons rouge 20 cl lait coco 2 gousses ail 2 oignons 1 &hellip;<\/p>\n","protected":false},"author":2,"featured_media":0,"parent":0,"menu_order":0,"comment_status":"closed","ping_status":"closed","template":"","meta":[],"_links":{"self":[{"href":"https:\/\/dallay.net\/here\/index.php\/wp-json\/wp\/v2\/pages\/246"}],"collection":[{"href":"https:\/\/dallay.net\/here\/index.php\/wp-json\/wp\/v2\/pages"}],"about":[{"href":"https:\/\/dallay.net\/here\/index.php\/wp-json\/wp\/v2\/types\/page"}],"author":[{"embeddable":true,"href":"https:\/\/dallay.net\/here\/index.php\/wp-json\/wp\/v2\/users\/2"}],"replies":[{"embeddable":true,"href":"https:\/\/dallay.net\/here\/index.php\/wp-json\/wp\/v2\/comments?post=246"}],"version-history":[{"count":1,"href":"https:\/\/dallay.net\/here\/index.php\/wp-json\/wp\/v2\/pages\/246\/revisions"}],"predecessor-version":[{"id":247,"href":"https:\/\/dallay.net\/here\/index.php\/wp-json\/wp\/v2\/pages\/246\/revisions\/247"}],"wp:attachment":[{"href":"https:\/\/dallay.net\/here\/index.php\/wp-json\/wp\/v2\/media?parent=246"}],"curies":[{"name":"wp","href":"https:\/\/api.w.org\/{rel}","templated":true}]}}