{"id":258,"date":"2020-05-02T15:37:53","date_gmt":"2020-05-02T13:37:53","guid":{"rendered":"https:\/\/dallay.net\/here\/?page_id=258"},"modified":"2020-05-02T15:37:54","modified_gmt":"2020-05-02T13:37:54","slug":"le-souffle-de-carottes","status":"publish","type":"page","link":"https:\/\/dallay.net\/here\/index.php\/le-souffle-de-carottes\/","title":{"rendered":"Le souffl\u00e9 de carottes"},"content":{"rendered":"\n<p>Pour 8 personnes cuisson 35 min<br>Recette de Libby Strawn<\/p>\n\n\n\n<p><strong>Ingr\u00e9dients<\/strong><\/p>\n\n\n\n<ul><li>1200g carottes<\/li><li>150 g beurre<\/li><li>4 \u0153ufs (s\u00e9parer blancs et jaunes)<\/li><li>1 gros oignon<\/li><li>sel<br><\/li><\/ul>\n\n\n\n<p><strong>Pr\u00e9paration<\/strong><\/p>\n\n\n\n<p>Faire bouillir les carottes en rondelles environ 10 minutes = jusqu&rsquo;\u00e0 ce qu&rsquo;elles soient tendres, \u00e9goutter, \u00e9craser ou mixer, ajouter sel puis beurre, oignon et les 4 jaunes d&rsquo;oeuf.<br>Battre les blancs en neige avec pinc\u00e9e sel et ajouter aux carottes.<br>Verser dans plat \u00e0 souffl\u00e9 beurr\u00e9 et farin\u00e9.<br>Cuire 175\u00b0 35 minutes, sole puls\u00e9.<\/p>\n","protected":false},"excerpt":{"rendered":"<p>Pour 8 personnes cuisson 35 minRecette de Libby Strawn Ingr\u00e9dients 1200g carottes 150 g beurre 4 \u0153ufs (s\u00e9parer blancs et jaunes) 1 gros oignon sel Pr\u00e9paration Faire bouillir les carottes en rondelles environ 10 minutes &hellip;<\/p>\n","protected":false},"author":2,"featured_media":0,"parent":0,"menu_order":0,"comment_status":"closed","ping_status":"closed","template":"","meta":[],"_links":{"self":[{"href":"https:\/\/dallay.net\/here\/index.php\/wp-json\/wp\/v2\/pages\/258"}],"collection":[{"href":"https:\/\/dallay.net\/here\/index.php\/wp-json\/wp\/v2\/pages"}],"about":[{"href":"https:\/\/dallay.net\/here\/index.php\/wp-json\/wp\/v2\/types\/page"}],"author":[{"embeddable":true,"href":"https:\/\/dallay.net\/here\/index.php\/wp-json\/wp\/v2\/users\/2"}],"replies":[{"embeddable":true,"href":"https:\/\/dallay.net\/here\/index.php\/wp-json\/wp\/v2\/comments?post=258"}],"version-history":[{"count":1,"href":"https:\/\/dallay.net\/here\/index.php\/wp-json\/wp\/v2\/pages\/258\/revisions"}],"predecessor-version":[{"id":259,"href":"https:\/\/dallay.net\/here\/index.php\/wp-json\/wp\/v2\/pages\/258\/revisions\/259"}],"wp:attachment":[{"href":"https:\/\/dallay.net\/here\/index.php\/wp-json\/wp\/v2\/media?parent=258"}],"curies":[{"name":"wp","href":"https:\/\/api.w.org\/{rel}","templated":true}]}}