{"id":266,"date":"2020-05-02T15:48:52","date_gmt":"2020-05-02T13:48:52","guid":{"rendered":"https:\/\/dallay.net\/here\/?page_id=266"},"modified":"2020-05-03T11:10:28","modified_gmt":"2020-05-03T09:10:28","slug":"le-gateau-au-yaourt-dannabelle","status":"publish","type":"page","link":"https:\/\/dallay.net\/here\/index.php\/le-gateau-au-yaourt-dannabelle\/","title":{"rendered":"Le gateau au yaourt d&rsquo;Annabelle"},"content":{"rendered":"\n<blockquote class=\"wp-block-quote\"><p>Succulent!<\/p><cite>Annabelle<\/cite><\/blockquote>\n\n\n\n<p>6 personnes cuisson 25 min.<br><strong>Ingr\u00e9dients<\/strong><\/p>\n\n\n\n<ul><li>3 \u0153ufs<\/li><li>200g sucre semoule<\/li><li>zeste d&rsquo;un citron<\/li><li>1 yaourt nature<\/li><li>1 pot yaourt d&rsquo;huile neutre (tournesol, p\u00e9pins raisins)<\/li><li>1 pot yaourt de farine \u00e0 g\u00e2teaux<\/li><\/ul>\n\n\n\n<p><strong>Pr\u00e9paration<\/strong><br>S\u00e9parer les blancs des jaunes.<br>Dans un bol, battre les jaunes avec le sucre jusqu&rsquo;\u00e0 ce que le m\u00e9lange s&rsquo;\u00e9claircisse et devienne mousseux. Ajouter le yaourt et l&rsquo;huile et m\u00e9langer puis la farine. Travailler jusqu&rsquo;\u00e0 l&rsquo;obtention d&rsquo;une p\u00e2te homog\u00e8ne.<br>Pr\u00e9chauffer le four 175\u00b0<br>Battre les blancs en neige avec une pinc\u00e9e de sel. Ajouter d\u00e9licatement \u00e0 la p\u00e2te sans les casser avec une cuill\u00e8re en bois.<br>Verser la p\u00e2te dans un moule ( \u00e0 bord lisse de 24cm ou dans moule silicone) et cuire 25 minutes.<br>Une fois le g\u00e2teau refroidi, saupoudrer de sucre glace.<\/p>\n","protected":false},"excerpt":{"rendered":"<p>Succulent! Annabelle 6 personnes cuisson 25 min.Ingr\u00e9dients 3 \u0153ufs 200g sucre semoule zeste d&rsquo;un citron 1 yaourt nature 1 pot yaourt d&rsquo;huile neutre (tournesol, p\u00e9pins raisins) 1 pot yaourt de farine \u00e0 g\u00e2teaux Pr\u00e9parationS\u00e9parer les &hellip;<\/p>\n","protected":false},"author":4,"featured_media":0,"parent":0,"menu_order":0,"comment_status":"closed","ping_status":"closed","template":"","meta":[],"_links":{"self":[{"href":"https:\/\/dallay.net\/here\/index.php\/wp-json\/wp\/v2\/pages\/266"}],"collection":[{"href":"https:\/\/dallay.net\/here\/index.php\/wp-json\/wp\/v2\/pages"}],"about":[{"href":"https:\/\/dallay.net\/here\/index.php\/wp-json\/wp\/v2\/types\/page"}],"author":[{"embeddable":true,"href":"https:\/\/dallay.net\/here\/index.php\/wp-json\/wp\/v2\/users\/4"}],"replies":[{"embeddable":true,"href":"https:\/\/dallay.net\/here\/index.php\/wp-json\/wp\/v2\/comments?post=266"}],"version-history":[{"count":1,"href":"https:\/\/dallay.net\/here\/index.php\/wp-json\/wp\/v2\/pages\/266\/revisions"}],"predecessor-version":[{"id":267,"href":"https:\/\/dallay.net\/here\/index.php\/wp-json\/wp\/v2\/pages\/266\/revisions\/267"}],"wp:attachment":[{"href":"https:\/\/dallay.net\/here\/index.php\/wp-json\/wp\/v2\/media?parent=266"}],"curies":[{"name":"wp","href":"https:\/\/api.w.org\/{rel}","templated":true}]}}