{"id":270,"date":"2020-05-02T15:51:12","date_gmt":"2020-05-02T13:51:12","guid":{"rendered":"https:\/\/dallay.net\/here\/?page_id=270"},"modified":"2020-05-02T15:51:13","modified_gmt":"2020-05-02T13:51:13","slug":"les-bouchees-au-citron","status":"publish","type":"page","link":"https:\/\/dallay.net\/here\/index.php\/les-bouchees-au-citron\/","title":{"rendered":"Les bouch\u00e9es au citron"},"content":{"rendered":"\n<p>Pour 30 Bouch\u00e9es cuisson 150\u00b0 18 min<\/p>\n\n\n\n<p><strong>Ingr\u00e9dients<\/strong><\/p>\n\n\n\n<ul><li>200g amandes en poudre<\/li><li>75g sucre en poudre<\/li><li>2 zestes citrons bio<\/li><li>75g lemon curd<\/li><li>2 blancs d&rsquo;\u0153uf l\u00e9g\u00e8rement fouett\u00e9s \u00e0 la fourchette<\/li><\/ul>\n\n\n\n<p><strong>Pr\u00e9paration<\/strong><br>M\u00e9langer tous les ingr\u00e9dients au fouet en terminant par les blancs d&rsquo;\u0153uf. On obtient une p\u00e2te un peu collante.<br>Faire des petites boules \u00e0 l&rsquo;aide de cuill\u00e8res \u00e0 caf\u00e9 et les rouler dans du sucre glace. Puis les disposer, sur 2 plaques recouvertes de papier sulfuris\u00e9, en les aplatissant l\u00e9g\u00e8rement.<br>Cuire \u00e0 150\u00b0 pendant 18 minutes.<\/p>\n","protected":false},"excerpt":{"rendered":"<p>Pour 30 Bouch\u00e9es cuisson 150\u00b0 18 min Ingr\u00e9dients 200g amandes en poudre 75g sucre en poudre 2 zestes citrons bio 75g lemon curd 2 blancs d&rsquo;\u0153uf l\u00e9g\u00e8rement fouett\u00e9s \u00e0 la fourchette Pr\u00e9parationM\u00e9langer tous les ingr\u00e9dients &hellip;<\/p>\n","protected":false},"author":2,"featured_media":0,"parent":0,"menu_order":0,"comment_status":"closed","ping_status":"closed","template":"","meta":[],"_links":{"self":[{"href":"https:\/\/dallay.net\/here\/index.php\/wp-json\/wp\/v2\/pages\/270"}],"collection":[{"href":"https:\/\/dallay.net\/here\/index.php\/wp-json\/wp\/v2\/pages"}],"about":[{"href":"https:\/\/dallay.net\/here\/index.php\/wp-json\/wp\/v2\/types\/page"}],"author":[{"embeddable":true,"href":"https:\/\/dallay.net\/here\/index.php\/wp-json\/wp\/v2\/users\/2"}],"replies":[{"embeddable":true,"href":"https:\/\/dallay.net\/here\/index.php\/wp-json\/wp\/v2\/comments?post=270"}],"version-history":[{"count":1,"href":"https:\/\/dallay.net\/here\/index.php\/wp-json\/wp\/v2\/pages\/270\/revisions"}],"predecessor-version":[{"id":271,"href":"https:\/\/dallay.net\/here\/index.php\/wp-json\/wp\/v2\/pages\/270\/revisions\/271"}],"wp:attachment":[{"href":"https:\/\/dallay.net\/here\/index.php\/wp-json\/wp\/v2\/media?parent=270"}],"curies":[{"name":"wp","href":"https:\/\/api.w.org\/{rel}","templated":true}]}}