{"id":274,"date":"2020-05-02T15:55:47","date_gmt":"2020-05-02T13:55:47","guid":{"rendered":"https:\/\/dallay.net\/here\/?page_id=274"},"modified":"2021-11-06T16:31:59","modified_gmt":"2021-11-06T15:31:59","slug":"la-charlotte-aux-fraises","status":"publish","type":"page","link":"https:\/\/dallay.net\/here\/index.php\/la-charlotte-aux-fraises\/","title":{"rendered":"La charlotte aux fraises"},"content":{"rendered":"\n<blockquote class=\"wp-block-quote\"><p>Ce g\u00e2teau a un petit gout de \u00a0\u00bbrevenez y\u00a0\u00bb, mais les occasions sont rares.<\/p><cite>Fran\u00e7ois<\/cite><\/blockquote>\n\n\n\n<p>Faire la veille<\/p>\n\n\n\n<p>Ingr\u00e9dients<br>SIROP:<\/p>\n\n\n\n<ul><li>2 c \u00e0 caf\u00e9 rhum + 1\/2 jus orange + 2 c \u00e0 caf\u00e9 sucre et 2 c \u00e0 caf\u00e9 eau<\/li><li>1 paquet boudoirs<\/li><li>1 kg fraises (en garder un peu pour le lendemain)<\/li><li>CHANTILLY: &#8211; 40cl (25 cl et 15cl le lendemain) cr\u00e8me fra\u00eeche liquide pas all\u00e9g\u00e9e tr\u00e8s froide<\/li><li>60g (40g et 20g le lendemain) sucre glace<\/li><\/ul>\n\n\n\n<p>Pr\u00e9paration<br>Pr\u00e9parer le sirop en le chauffant. Laisser refroidir.<br>Tremper l\u00e9g\u00e8rement le c\u00f4t\u00e9 sucr\u00e9 des boudoirs.<br>Disposer dans un moule \u00e0 charlotte:<\/p>\n\n\n\n<ul><li>une couche de boudoir (fond et c\u00f4t\u00e9s)<\/li><li>une couche de chantilly<\/li><li>une couche de fraise<br>Continuer et finir par une couche de boudoirs.<br>Laisser au moins une nuit au frigo, d\u00e9mouler et d\u00e9corer en recouvrant du reste chantilly et du reste de fraises.<\/li><\/ul>\n","protected":false},"excerpt":{"rendered":"<p>Ce g\u00e2teau a un petit gout de \u00a0\u00bbrevenez y\u00a0\u00bb, mais les occasions sont rares. Fran\u00e7ois Faire la veille Ingr\u00e9dientsSIROP: 2 c \u00e0 caf\u00e9 rhum + 1\/2 jus orange + 2 c \u00e0 caf\u00e9 sucre et &hellip;<\/p>\n","protected":false},"author":2,"featured_media":0,"parent":0,"menu_order":0,"comment_status":"closed","ping_status":"closed","template":"","meta":[],"_links":{"self":[{"href":"https:\/\/dallay.net\/here\/index.php\/wp-json\/wp\/v2\/pages\/274"}],"collection":[{"href":"https:\/\/dallay.net\/here\/index.php\/wp-json\/wp\/v2\/pages"}],"about":[{"href":"https:\/\/dallay.net\/here\/index.php\/wp-json\/wp\/v2\/types\/page"}],"author":[{"embeddable":true,"href":"https:\/\/dallay.net\/here\/index.php\/wp-json\/wp\/v2\/users\/2"}],"replies":[{"embeddable":true,"href":"https:\/\/dallay.net\/here\/index.php\/wp-json\/wp\/v2\/comments?post=274"}],"version-history":[{"count":1,"href":"https:\/\/dallay.net\/here\/index.php\/wp-json\/wp\/v2\/pages\/274\/revisions"}],"predecessor-version":[{"id":275,"href":"https:\/\/dallay.net\/here\/index.php\/wp-json\/wp\/v2\/pages\/274\/revisions\/275"}],"wp:attachment":[{"href":"https:\/\/dallay.net\/here\/index.php\/wp-json\/wp\/v2\/media?parent=274"}],"curies":[{"name":"wp","href":"https:\/\/api.w.org\/{rel}","templated":true}]}}