{"id":281,"date":"2020-05-02T16:05:32","date_gmt":"2020-05-02T14:05:32","guid":{"rendered":"https:\/\/dallay.net\/here\/?page_id=281"},"modified":"2020-05-02T16:05:32","modified_gmt":"2020-05-02T14:05:32","slug":"les-crepes","status":"publish","type":"page","link":"https:\/\/dallay.net\/here\/index.php\/les-crepes\/","title":{"rendered":"Les cr\u00eapes"},"content":{"rendered":"\n<p>Pour 15 (20 \/ 30) cr\u00eapes <\/p>\n\n\n\n<p><strong>Ingr\u00e9dients<\/strong><\/p>\n\n\n\n<ul><li>250g farine fluide (20 cr\u00eapes 375g \/ pour 30 cr\u00eapes = repas cr\u00eapi\u00e8re pour 5 500g)<\/li><li>3 oeufs (4 \/ 6)<\/li><li>2 pinc\u00e9es de sel (3\/4)<\/li><li>2 grands verres de lait (3\/4)<\/li><li>5 cuill\u00e8res \u00e0 soupe huile arachide (7,5 \/ 10)<\/li><li>Grand Marnier ou Cointreau<\/li><\/ul>\n\n\n\n<p><strong>Pr\u00e9paration<\/strong><br>Pr\u00e9parer 1 heure \u00e0 l&rsquo;avance.<\/p>\n","protected":false},"excerpt":{"rendered":"<p>Pour 15 (20 \/ 30) cr\u00eapes Ingr\u00e9dients 250g farine fluide (20 cr\u00eapes 375g \/ pour 30 cr\u00eapes = repas cr\u00eapi\u00e8re pour 5 500g) 3 oeufs (4 \/ 6) 2 pinc\u00e9es de sel (3\/4) 2 grands &hellip;<\/p>\n","protected":false},"author":2,"featured_media":0,"parent":0,"menu_order":0,"comment_status":"closed","ping_status":"closed","template":"","meta":[],"_links":{"self":[{"href":"https:\/\/dallay.net\/here\/index.php\/wp-json\/wp\/v2\/pages\/281"}],"collection":[{"href":"https:\/\/dallay.net\/here\/index.php\/wp-json\/wp\/v2\/pages"}],"about":[{"href":"https:\/\/dallay.net\/here\/index.php\/wp-json\/wp\/v2\/types\/page"}],"author":[{"embeddable":true,"href":"https:\/\/dallay.net\/here\/index.php\/wp-json\/wp\/v2\/users\/2"}],"replies":[{"embeddable":true,"href":"https:\/\/dallay.net\/here\/index.php\/wp-json\/wp\/v2\/comments?post=281"}],"version-history":[{"count":1,"href":"https:\/\/dallay.net\/here\/index.php\/wp-json\/wp\/v2\/pages\/281\/revisions"}],"predecessor-version":[{"id":282,"href":"https:\/\/dallay.net\/here\/index.php\/wp-json\/wp\/v2\/pages\/281\/revisions\/282"}],"wp:attachment":[{"href":"https:\/\/dallay.net\/here\/index.php\/wp-json\/wp\/v2\/media?parent=281"}],"curies":[{"name":"wp","href":"https:\/\/api.w.org\/{rel}","templated":true}]}}