{"id":288,"date":"2020-05-02T16:12:32","date_gmt":"2020-05-02T14:12:32","guid":{"rendered":"https:\/\/dallay.net\/here\/?page_id=288"},"modified":"2020-05-02T16:12:32","modified_gmt":"2020-05-02T14:12:32","slug":"les-financiers","status":"publish","type":"page","link":"https:\/\/dallay.net\/here\/index.php\/les-financiers\/","title":{"rendered":"Les financiers"},"content":{"rendered":"\n<p>Pour 18 (= 2 plaques silicone L\u00e9ku\u00e9) 12 min 220\u00b0<\/p>\n\n\n\n<p><strong>Ingr\u00e9dients<\/strong><br>90 g beurre fondu (600w 1 minute)<br>60g farine fluide<br>190g sucre glace<br>60g amandes en poudre<br>4 blancs oeufs<br>1g vanille liquide<br>Zeste 1 citron (option)<\/p>\n\n\n\n<p><strong>Pr\u00e9paration<\/strong><br>Faire fondre le beurre et laisser refroidir. Pr\u00e9chauffer le four 220\u00b0<br>M\u00e9langer dans un saladier farine, sucre et amandes.<br>Battre les blancs d&rsquo;\u0153uf pas tout \u00e0 fait en neige.<br>Les incorporer d\u00e9licatement au m\u00e9lange farine, sucre, amandes. Ajouter le beurre fondu et la vanille (et le citron).<br>Verser dans les moules environ une cuill\u00e8re \u00e0 soupe par cavit\u00e9.<br>Enfourner 12 minutes, laisser refroidir et d\u00e9mouler.<\/p>\n","protected":false},"excerpt":{"rendered":"<p>Pour 18 (= 2 plaques silicone L\u00e9ku\u00e9) 12 min 220\u00b0 Ingr\u00e9dients90 g beurre fondu (600w 1 minute)60g farine fluide190g sucre glace60g amandes en poudre4 blancs oeufs1g vanille liquideZeste 1 citron (option) Pr\u00e9parationFaire fondre le beurre &hellip;<\/p>\n","protected":false},"author":2,"featured_media":0,"parent":0,"menu_order":0,"comment_status":"closed","ping_status":"closed","template":"","meta":[],"_links":{"self":[{"href":"https:\/\/dallay.net\/here\/index.php\/wp-json\/wp\/v2\/pages\/288"}],"collection":[{"href":"https:\/\/dallay.net\/here\/index.php\/wp-json\/wp\/v2\/pages"}],"about":[{"href":"https:\/\/dallay.net\/here\/index.php\/wp-json\/wp\/v2\/types\/page"}],"author":[{"embeddable":true,"href":"https:\/\/dallay.net\/here\/index.php\/wp-json\/wp\/v2\/users\/2"}],"replies":[{"embeddable":true,"href":"https:\/\/dallay.net\/here\/index.php\/wp-json\/wp\/v2\/comments?post=288"}],"version-history":[{"count":1,"href":"https:\/\/dallay.net\/here\/index.php\/wp-json\/wp\/v2\/pages\/288\/revisions"}],"predecessor-version":[{"id":289,"href":"https:\/\/dallay.net\/here\/index.php\/wp-json\/wp\/v2\/pages\/288\/revisions\/289"}],"wp:attachment":[{"href":"https:\/\/dallay.net\/here\/index.php\/wp-json\/wp\/v2\/media?parent=288"}],"curies":[{"name":"wp","href":"https:\/\/api.w.org\/{rel}","templated":true}]}}