{"id":294,"date":"2020-05-02T16:19:55","date_gmt":"2020-05-02T14:19:55","guid":{"rendered":"https:\/\/dallay.net\/here\/?page_id=294"},"modified":"2020-05-02T16:19:55","modified_gmt":"2020-05-02T14:19:55","slug":"le-gateau-au-chocolat-de-nathalie","status":"publish","type":"page","link":"https:\/\/dallay.net\/here\/index.php\/le-gateau-au-chocolat-de-nathalie\/","title":{"rendered":"Le g\u00e2teau au chocolat de Nathalie"},"content":{"rendered":"\n<blockquote class=\"wp-block-quote\"><p>Permet de confectionner d&rsquo;excellents brownies si on ajoute des noix. <\/p><p>Le g\u00e2teau sera meilleur le lendemain<\/p><cite>Elisabeth<\/cite><\/blockquote>\n\n\n\n<p><br>Pour 6 &#8211; 8 personnes, 22 min cuisson<br>Tir\u00e9 du livre \u00ab\u00a0je veux du chocolat\u00a0\u00bb Marabout<br><\/p>\n\n\n\n<p><strong>Ingr\u00e9dients<\/strong><\/p>\n\n\n\n<ul><li>200 g chocolat noir Nestl\u00e9 dessert<\/li><li>200 g beurre<\/li><li>250 g sucre<\/li><li>5 oeufs<\/li><li>1 c \u00e0 soupe farine fluide<\/li><li>(noix en morceaux pour faire brownies)<\/li><\/ul>\n\n\n\n<p><strong>Pr\u00e9paration<\/strong><br>Faire fondre le chocolat et le beurre (micro onde doux = 440w 4 \u00e0 6 min).<br>Ajouter le sucre et laissez un peu refroidir.<br>Incorporer les \u0153ufs un \u00e0 un en remuant bien avec une cuill\u00e8re en bois apr\u00e8s chaque \u0153uf ajout\u00e9. Puis ajouter la farine.<br>Verser dans un moule et cuire \u00e0 190\u00b0 22 minutes. Le g\u00e2teau doit \u00eatre encore l\u00e9g\u00e8rement tremblotant au milieu.<br>Sortir du four, d\u00e9mouler rapidement ( ou laisser dans le moule carr\u00e9 ou rectangulaire pour des brownies).<br>Laisser refroidir plusieurs heures.<\/p>\n","protected":false},"excerpt":{"rendered":"<p>Permet de confectionner d&rsquo;excellents brownies si on ajoute des noix. Le g\u00e2teau sera meilleur le lendemain Elisabeth Pour 6 &#8211; 8 personnes, 22 min cuissonTir\u00e9 du livre \u00ab\u00a0je veux du chocolat\u00a0\u00bb Marabout Ingr\u00e9dients 200 g &hellip;<\/p>\n","protected":false},"author":2,"featured_media":0,"parent":0,"menu_order":0,"comment_status":"closed","ping_status":"closed","template":"","meta":[],"_links":{"self":[{"href":"https:\/\/dallay.net\/here\/index.php\/wp-json\/wp\/v2\/pages\/294"}],"collection":[{"href":"https:\/\/dallay.net\/here\/index.php\/wp-json\/wp\/v2\/pages"}],"about":[{"href":"https:\/\/dallay.net\/here\/index.php\/wp-json\/wp\/v2\/types\/page"}],"author":[{"embeddable":true,"href":"https:\/\/dallay.net\/here\/index.php\/wp-json\/wp\/v2\/users\/2"}],"replies":[{"embeddable":true,"href":"https:\/\/dallay.net\/here\/index.php\/wp-json\/wp\/v2\/comments?post=294"}],"version-history":[{"count":1,"href":"https:\/\/dallay.net\/here\/index.php\/wp-json\/wp\/v2\/pages\/294\/revisions"}],"predecessor-version":[{"id":295,"href":"https:\/\/dallay.net\/here\/index.php\/wp-json\/wp\/v2\/pages\/294\/revisions\/295"}],"wp:attachment":[{"href":"https:\/\/dallay.net\/here\/index.php\/wp-json\/wp\/v2\/media?parent=294"}],"curies":[{"name":"wp","href":"https:\/\/api.w.org\/{rel}","templated":true}]}}