{"id":300,"date":"2020-05-02T16:24:24","date_gmt":"2020-05-02T14:24:24","guid":{"rendered":"https:\/\/dallay.net\/here\/?page_id=300"},"modified":"2020-05-02T16:24:24","modified_gmt":"2020-05-02T14:24:24","slug":"la-mousse-au-citron","status":"publish","type":"page","link":"https:\/\/dallay.net\/here\/index.php\/la-mousse-au-citron\/","title":{"rendered":"La mousse au citron"},"content":{"rendered":"\n<p><strong>Ingr\u00e9dients<\/strong><\/p>\n\n\n\n<ul><li>3 citrons (zeste + jus)<\/li><li>5 oeufs blancs et jaunes s\u00e9par\u00e9s<\/li><li>225g sucre<\/li><li>30g ma\u00efzena d\u00e9lay\u00e9e dans 1 verre 1\/2 d&rsquo;eau froide<\/li><li>30g beurre<\/li><\/ul>\n\n\n\n<p><strong>Pr\u00e9paration<\/strong><br>M\u00e9langer jus, zeste, jaunes d&rsquo;oeufs et sucre. Ajouter ma\u00efzena d\u00e9lay\u00e9e.<br>Mettre sur le feu doux et tourner longuement pour faire \u00e9paissir le m\u00e9lange. Retirer au premier bouillon puis ajouter le beurre.<br>Laisser refroidir et ajouter d\u00e9licatement les blancs en neige avec une cuill\u00e8re en bois.<br>Mettre plusieurs heures au frais avant de servir.<\/p>\n","protected":false},"excerpt":{"rendered":"<p>Ingr\u00e9dients 3 citrons (zeste + jus) 5 oeufs blancs et jaunes s\u00e9par\u00e9s 225g sucre 30g ma\u00efzena d\u00e9lay\u00e9e dans 1 verre 1\/2 d&rsquo;eau froide 30g beurre Pr\u00e9parationM\u00e9langer jus, zeste, jaunes d&rsquo;oeufs et sucre. Ajouter ma\u00efzena d\u00e9lay\u00e9e.Mettre &hellip;<\/p>\n","protected":false},"author":1,"featured_media":0,"parent":0,"menu_order":0,"comment_status":"closed","ping_status":"closed","template":"","meta":[],"_links":{"self":[{"href":"https:\/\/dallay.net\/here\/index.php\/wp-json\/wp\/v2\/pages\/300"}],"collection":[{"href":"https:\/\/dallay.net\/here\/index.php\/wp-json\/wp\/v2\/pages"}],"about":[{"href":"https:\/\/dallay.net\/here\/index.php\/wp-json\/wp\/v2\/types\/page"}],"author":[{"embeddable":true,"href":"https:\/\/dallay.net\/here\/index.php\/wp-json\/wp\/v2\/users\/1"}],"replies":[{"embeddable":true,"href":"https:\/\/dallay.net\/here\/index.php\/wp-json\/wp\/v2\/comments?post=300"}],"version-history":[{"count":1,"href":"https:\/\/dallay.net\/here\/index.php\/wp-json\/wp\/v2\/pages\/300\/revisions"}],"predecessor-version":[{"id":301,"href":"https:\/\/dallay.net\/here\/index.php\/wp-json\/wp\/v2\/pages\/300\/revisions\/301"}],"wp:attachment":[{"href":"https:\/\/dallay.net\/here\/index.php\/wp-json\/wp\/v2\/media?parent=300"}],"curies":[{"name":"wp","href":"https:\/\/api.w.org\/{rel}","templated":true}]}}