{"id":302,"date":"2020-05-02T16:25:25","date_gmt":"2020-05-02T14:25:25","guid":{"rendered":"https:\/\/dallay.net\/here\/?page_id=302"},"modified":"2020-05-02T16:25:26","modified_gmt":"2020-05-02T14:25:26","slug":"the-pecan-pie","status":"publish","type":"page","link":"https:\/\/dallay.net\/here\/index.php\/the-pecan-pie\/","title":{"rendered":"The p\u00e9can pie"},"content":{"rendered":"\n<p>Pr\u00e9cuire p\u00e2te 10 min puis tarte 35 min<br><strong>Ingr\u00e9dients<\/strong><\/p>\n\n\n\n<ul><li>p\u00e2te sabl\u00e9e<\/li><li>40g beurre<\/li><li>4 \u0153ufs<\/li><li>150g cassonade<\/li><li>130 g miel ou sirop Li\u00e8ge ou light corn syrup ou sirop \u00e9rable ou golden syrup<\/li><li>150g noix pecan grill\u00e9es (sinon cuire \u00e0 180\u00b0 10 min)<\/li><li>1 cuill\u00e8re \u00e0 soupe d&rsquo;extrait de vanille<\/li><\/ul>\n\n\n\n<p><strong>Pr\u00e9paration<\/strong><br>pr\u00e9chauffer le four 180\u00b0 puis Pr\u00e9cuire p\u00e2te sabl\u00e9e 10 minutes (et les pecans si besoin)<br>Dans un bol, battre les \u0153ufs avec la cassonade et le sirop. Ajouter le beurre fondu, la vanille puis les noix grossi\u00e8rement hach\u00e9es.<br>Garnir le moule \u00e0 tarte avec la pr\u00e9paration et cuire \u00e0 180\u00b0 35 minutes.<br>Servir ti\u00e8de ou froid (avec boule glace vanille)<\/p>\n","protected":false},"excerpt":{"rendered":"<p>Pr\u00e9cuire p\u00e2te 10 min puis tarte 35 minIngr\u00e9dients p\u00e2te sabl\u00e9e 40g beurre 4 \u0153ufs 150g cassonade 130 g miel ou sirop Li\u00e8ge ou light corn syrup ou sirop \u00e9rable ou golden syrup 150g noix pecan &hellip;<\/p>\n","protected":false},"author":2,"featured_media":0,"parent":0,"menu_order":0,"comment_status":"closed","ping_status":"closed","template":"","meta":[],"_links":{"self":[{"href":"https:\/\/dallay.net\/here\/index.php\/wp-json\/wp\/v2\/pages\/302"}],"collection":[{"href":"https:\/\/dallay.net\/here\/index.php\/wp-json\/wp\/v2\/pages"}],"about":[{"href":"https:\/\/dallay.net\/here\/index.php\/wp-json\/wp\/v2\/types\/page"}],"author":[{"embeddable":true,"href":"https:\/\/dallay.net\/here\/index.php\/wp-json\/wp\/v2\/users\/2"}],"replies":[{"embeddable":true,"href":"https:\/\/dallay.net\/here\/index.php\/wp-json\/wp\/v2\/comments?post=302"}],"version-history":[{"count":1,"href":"https:\/\/dallay.net\/here\/index.php\/wp-json\/wp\/v2\/pages\/302\/revisions"}],"predecessor-version":[{"id":303,"href":"https:\/\/dallay.net\/here\/index.php\/wp-json\/wp\/v2\/pages\/302\/revisions\/303"}],"wp:attachment":[{"href":"https:\/\/dallay.net\/here\/index.php\/wp-json\/wp\/v2\/media?parent=302"}],"curies":[{"name":"wp","href":"https:\/\/api.w.org\/{rel}","templated":true}]}}