{"id":309,"date":"2020-05-02T16:31:00","date_gmt":"2020-05-02T14:31:00","guid":{"rendered":"https:\/\/dallay.net\/here\/?page_id=309"},"modified":"2020-05-03T11:09:28","modified_gmt":"2020-05-03T09:09:28","slug":"la-tarte-au-sucre-comme-a-bruxelles","status":"publish","type":"page","link":"https:\/\/dallay.net\/here\/index.php\/la-tarte-au-sucre-comme-a-bruxelles\/","title":{"rendered":"La tarte au sucre \u00a0\u00bbcomme \u00e0 Bruxelles\u00a0\u00bb"},"content":{"rendered":"\n<p>Cuisson 30 \u00e0 40 minutes<\/p>\n\n\n\n<p><strong>Ingr\u00e9dients<\/strong><\/p>\n\n\n\n<ul><li>p\u00e2te bris\u00e9e<\/li><li>100g cassonade et sucre<\/li><li>2 jaunes d&rsquo;oeuf<\/li><li>200g cr\u00e8me fra\u00eeche<\/li><li>cannelle<\/li><li>3 \u00e0 4 petits morceaux beurre<\/li><\/ul>\n\n\n\n<p><strong>Pr\u00e9paration<\/strong><br>\u00c9tendre la p\u00e2te dans le moule et la piquer. Verser les ingr\u00e9dients pr\u00e9alablement m\u00e9lang\u00e9s et terminer en ajoutant le beurre.<br>Cuire \u00e0 200\u00b0 30 \u00e0 40 minutes.<\/p>\n","protected":false},"excerpt":{"rendered":"<p>Cuisson 30 \u00e0 40 minutes Ingr\u00e9dients p\u00e2te bris\u00e9e 100g cassonade et sucre 2 jaunes d&rsquo;oeuf 200g cr\u00e8me fra\u00eeche cannelle 3 \u00e0 4 petits morceaux beurre Pr\u00e9paration\u00c9tendre la p\u00e2te dans le moule et la piquer. Verser &hellip;<\/p>\n","protected":false},"author":6,"featured_media":0,"parent":0,"menu_order":0,"comment_status":"closed","ping_status":"closed","template":"","meta":[],"_links":{"self":[{"href":"https:\/\/dallay.net\/here\/index.php\/wp-json\/wp\/v2\/pages\/309"}],"collection":[{"href":"https:\/\/dallay.net\/here\/index.php\/wp-json\/wp\/v2\/pages"}],"about":[{"href":"https:\/\/dallay.net\/here\/index.php\/wp-json\/wp\/v2\/types\/page"}],"author":[{"embeddable":true,"href":"https:\/\/dallay.net\/here\/index.php\/wp-json\/wp\/v2\/users\/6"}],"replies":[{"embeddable":true,"href":"https:\/\/dallay.net\/here\/index.php\/wp-json\/wp\/v2\/comments?post=309"}],"version-history":[{"count":1,"href":"https:\/\/dallay.net\/here\/index.php\/wp-json\/wp\/v2\/pages\/309\/revisions"}],"predecessor-version":[{"id":310,"href":"https:\/\/dallay.net\/here\/index.php\/wp-json\/wp\/v2\/pages\/309\/revisions\/310"}],"wp:attachment":[{"href":"https:\/\/dallay.net\/here\/index.php\/wp-json\/wp\/v2\/media?parent=309"}],"curies":[{"name":"wp","href":"https:\/\/api.w.org\/{rel}","templated":true}]}}