{"id":345,"date":"2020-05-02T18:56:42","date_gmt":"2020-05-02T16:56:42","guid":{"rendered":"https:\/\/dallay.net\/here\/?page_id=345"},"modified":"2020-05-02T18:56:42","modified_gmt":"2020-05-02T16:56:42","slug":"le-b52","status":"publish","type":"page","link":"https:\/\/dallay.net\/here\/index.php\/le-b52\/","title":{"rendered":"Le B52"},"content":{"rendered":"\n<blockquote class=\"wp-block-quote\"><p>A d\u00e9guster en \u00e9coutant \u00a0\u00bbEnola Gay\u00a0\u00bb d&rsquo;OMD<\/p><\/blockquote>\n\n\n\n<p><strong>Ingr\u00e9dients (pour 1 shooter)<\/strong><\/p>\n\n\n\n<ul><li>2 cl de liqueur de caf\u00e9 (Kahlua)<\/li><li>2 cl de Baileys<\/li><li>2 cl de triple sec ou Cointreau<\/li><\/ul>\n\n\n\n<p><strong>Pr\u00e9paration<\/strong><br>R\u00e9alisez la recette du cocktail B-52 directement dans votre verre \u00e0 shot.<br>Le long d\u2019une cuill\u00e8re de bar, versez successivement la liqueur de caf\u00e9, le Baileys puis le triple sec (ou Cointreau) dans votre verre \u00e0 shot.<br>Enflammez  votre m\u00e9lange.<br>Votre cocktail B-52 est pr\u00eat !<\/p>\n","protected":false},"excerpt":{"rendered":"<p>A d\u00e9guster en \u00e9coutant \u00a0\u00bbEnola Gay\u00a0\u00bb d&rsquo;OMD Ingr\u00e9dients (pour 1 shooter) 2 cl de liqueur de caf\u00e9 (Kahlua) 2 cl de Baileys 2 cl de triple sec ou Cointreau Pr\u00e9parationR\u00e9alisez la recette du cocktail B-52 &hellip;<\/p>\n","protected":false},"author":5,"featured_media":346,"parent":0,"menu_order":0,"comment_status":"closed","ping_status":"closed","template":"","meta":[],"_links":{"self":[{"href":"https:\/\/dallay.net\/here\/index.php\/wp-json\/wp\/v2\/pages\/345"}],"collection":[{"href":"https:\/\/dallay.net\/here\/index.php\/wp-json\/wp\/v2\/pages"}],"about":[{"href":"https:\/\/dallay.net\/here\/index.php\/wp-json\/wp\/v2\/types\/page"}],"author":[{"embeddable":true,"href":"https:\/\/dallay.net\/here\/index.php\/wp-json\/wp\/v2\/users\/5"}],"replies":[{"embeddable":true,"href":"https:\/\/dallay.net\/here\/index.php\/wp-json\/wp\/v2\/comments?post=345"}],"version-history":[{"count":1,"href":"https:\/\/dallay.net\/here\/index.php\/wp-json\/wp\/v2\/pages\/345\/revisions"}],"predecessor-version":[{"id":347,"href":"https:\/\/dallay.net\/here\/index.php\/wp-json\/wp\/v2\/pages\/345\/revisions\/347"}],"wp:featuredmedia":[{"embeddable":true,"href":"https:\/\/dallay.net\/here\/index.php\/wp-json\/wp\/v2\/media\/346"}],"wp:attachment":[{"href":"https:\/\/dallay.net\/here\/index.php\/wp-json\/wp\/v2\/media?parent=345"}],"curies":[{"name":"wp","href":"https:\/\/api.w.org\/{rel}","templated":true}]}}