{"id":368,"date":"2020-05-03T10:39:36","date_gmt":"2020-05-03T08:39:36","guid":{"rendered":"https:\/\/dallay.net\/here\/?page_id=368"},"modified":"2020-05-03T10:59:34","modified_gmt":"2020-05-03T08:59:34","slug":"les-canneles-de-bordeaux","status":"publish","type":"page","link":"https:\/\/dallay.net\/here\/index.php\/les-canneles-de-bordeaux\/","title":{"rendered":"Les cannel\u00e9s de Bordeaux"},"content":{"rendered":"\n<p><br>Avertissement : pour faire de bons cannel\u00e9s, il faut des moules en m\u00e9tal. Les miens sont des moules t\u00e9fal, et je n\u2019ai jamais test\u00e9 les moules en cuivre. Les moules en silicone sont \u00e0 proscrire car ils ne permettent pas de donner aux cannel\u00e9s le croquant qu\u2019ils m\u00e9ritent\u2026<\/p>\n\n\n\n<p>Je crois que cette recette me vient de Babeth. Il est bon de faire diffuser la culture culinaire bordelaise\u2026<\/p>\n\n\n\n<p>Pour 24 cannel\u00e9s :<\/p>\n\n\n\n<p><strong>Ingr\u00e9dients<\/strong><\/p>\n\n\n\n<p>900 g de lait + 100 g (1 litre donc !)<br>3 cuill\u00e8re \u00e0 soupe d\u2019extrait de vanille<br>4 cuiller\u00e9es \u00e0 soupe de Rhum<br>500 g de sucre<br>250 g de farine<br>6 jaunes d\u2019oeuf + 1 oeuf entier<\/p>\n\n\n\n<p><strong>Pr\u00e9paration<\/strong><\/p>\n\n\n\n<p>Faire bouillir les 900 g de lait dans une casserole avec le Rhum et l\u2019extrait de vanille<br>Dans un bol, m\u00e9langer sucre + farine + oeufs + 100 g de lait jusqu\u2019\u00e0 ce que le m\u00e9lange blanchisse<br>Verser ce m\u00e9lange sur le lait bouillant et m\u00e9langer \u00e9nergiquement.<br>Laisser reposer jusqu\u2019au lendemain<br>Le lendemain, graisser les moules au pinceau avec du beurre fondu<br>Remuer la p\u00e2te doucement avec une cuill\u00e8re en bois pour qu\u2019elle soit bien homog\u00e8ne<br>Remplir les moules jusqu\u2019\u00e0 un demi centim\u00e8tre du bord<br>Faire cuire \u00e0 200 degr\u00e9s pendant une heure (il faut qu\u2019ils soient bien marrons)<br>Laisser refroidir 10 mn avant de d\u00e9mouler et manger vos cannel\u00e9s dans la journ\u00e9e (le lendemain, ils sont moins bons)<\/p>\n","protected":false},"excerpt":{"rendered":"<p>Avertissement : pour faire de bons cannel\u00e9s, il faut des moules en m\u00e9tal. Les miens sont des moules t\u00e9fal, et je n\u2019ai jamais test\u00e9 les moules en cuivre. Les moules en silicone sont \u00e0 proscrire &hellip;<\/p>\n","protected":false},"author":1,"featured_media":26,"parent":0,"menu_order":0,"comment_status":"closed","ping_status":"closed","template":"","meta":[],"_links":{"self":[{"href":"https:\/\/dallay.net\/here\/index.php\/wp-json\/wp\/v2\/pages\/368"}],"collection":[{"href":"https:\/\/dallay.net\/here\/index.php\/wp-json\/wp\/v2\/pages"}],"about":[{"href":"https:\/\/dallay.net\/here\/index.php\/wp-json\/wp\/v2\/types\/page"}],"author":[{"embeddable":true,"href":"https:\/\/dallay.net\/here\/index.php\/wp-json\/wp\/v2\/users\/1"}],"replies":[{"embeddable":true,"href":"https:\/\/dallay.net\/here\/index.php\/wp-json\/wp\/v2\/comments?post=368"}],"version-history":[{"count":2,"href":"https:\/\/dallay.net\/here\/index.php\/wp-json\/wp\/v2\/pages\/368\/revisions"}],"predecessor-version":[{"id":390,"href":"https:\/\/dallay.net\/here\/index.php\/wp-json\/wp\/v2\/pages\/368\/revisions\/390"}],"wp:featuredmedia":[{"embeddable":true,"href":"https:\/\/dallay.net\/here\/index.php\/wp-json\/wp\/v2\/media\/26"}],"wp:attachment":[{"href":"https:\/\/dallay.net\/here\/index.php\/wp-json\/wp\/v2\/media?parent=368"}],"curies":[{"name":"wp","href":"https:\/\/api.w.org\/{rel}","templated":true}]}}