{"id":370,"date":"2020-05-03T10:47:33","date_gmt":"2020-05-03T08:47:33","guid":{"rendered":"https:\/\/dallay.net\/here\/?page_id=370"},"modified":"2020-05-09T17:45:54","modified_gmt":"2020-05-09T15:45:54","slug":"les-recettes-de-tata-marie","status":"publish","type":"page","link":"https:\/\/dallay.net\/here\/index.php\/les-recettes-de-tata-marie\/","title":{"rendered":"Les recettes de Tata Marie"},"content":{"rendered":"\n<p><strong>Scrounch Scrounch &#8211; Recettes sal\u00e9es<\/strong><\/p>\n\n\n\n<ul><li><a href=\"https:\/\/dallay.net\/here\/index.php\/la-blanquette-de-veau-de-marie-colette\/\">La blanquette de veau de MC<\/a><\/li><li><a href=\"https:\/\/dallay.net\/here\/index.php\/les-blinis-de-marie-paule\/\">Les blinis de Marie Paule<\/a><\/li><li><a href=\"https:\/\/dallay.net\/here\/index.php\/les-bouchees-au-gruyere-de-tm\/\">Les bouch\u00e9es au gruy\u00e8re de Tata Marie<\/a><\/li><li><a href=\"https:\/\/dallay.net\/here\/index.php\/le-cake-au-jambon-de-marie-colette\/\">Le cake au jambon de MC<\/a><\/li><li><a href=\"https:\/\/dallay.net\/here\/index.php\/le-cake-sale-de-marie-colette\/\">Le cake sal\u00e9 de MC<\/a><\/li><li><a href=\"https:\/\/dallay.net\/here\/index.php\/la-courge-rotie-au-four\/\">La courge r\u00f4tie au four<\/a><\/li><li><a href=\"https:\/\/dallay.net\/here\/index.php\/les-dos-de-cabillaud-de-rodolphe\/\">Le dos de cabillaud de Rodolphe<\/a><\/li><li><a href=\"https:\/\/dallay.net\/here\/index.php\/le-fameux-souffle-au-fromage-de-marie-colette\/\">Le fameux souffl\u00e9 au fromage de MC<\/a><\/li><li><a href=\"https:\/\/dallay.net\/here\/index.php\/le-gigot-a-la-ficelle-de-christian\/\">Le gigot \u00e0 la ficelle de Rodolphe<\/a><\/li><li><a href=\"https:\/\/dallay.net\/here\/index.php\/le-mourouziya-tajine-dagneau\/\">La Mourouzia &#8211; tajine<\/a><\/li><li><a href=\"https:\/\/dallay.net\/here\/index.php\/lomelette-a-la-tomate-de-manou\/\">L&rsquo;omelette \u00e0 la tomate de Manou<\/a><\/li><li><a href=\"https:\/\/dallay.net\/here\/index.php\/le-pate-veau-et-jambon-de-mame-pate-traditionnel-pour-la-nuit-de-noel-recette-transmise-par-bernard\/\">Le p\u00e2t\u00e9 veau et jambon de Mam\u00e9e<\/a><\/li><li><a href=\"https:\/\/dallay.net\/here\/index.php\/le-poulet-creole-a-la-papoute-le-grand\/\">Le poulet cr\u00e9ole \u00e0 la papoute<\/a><\/li><li><a href=\"https:\/\/dallay.net\/here\/index.php\/poulet-croustillant-en-crapaudine\/\">Le poulet croustillant en crapaudine<\/a><\/li><li><a href=\"https:\/\/dallay.net\/here\/index.php\/la-quiche-lorraine-de-marie-colette\/\">La quiche Lorraine de MC<\/a><\/li><li><a href=\"https:\/\/dallay.net\/here\/index.php\/le-saumon-marine-de-manou\/\">Le saumon marin\u00e9 de Manou<\/a><\/li><li><a href=\"https:\/\/dallay.net\/here\/index.php\/la-soupe-de-potimaron-ou-de-potiron-de-bernard-et-marie-france\/\">La soupe au potimaron de Bernard et Marie-France<\/a><\/li><li><a href=\"https:\/\/dallay.net\/here\/index.php\/le-taboule-oriental-de-denise\/\">Le taboul\u00e9 oriental de Denise<\/a><\/li><li><a href=\"https:\/\/dallay.net\/here\/index.php\/la-tapenade-de-renee\/\">La tapenade de Ren\u00e9e<\/a><\/li><li><a href=\"https:\/\/dallay.net\/here\/index.php\/la-terrine-de-fromage-frais-aux-herbes-de-michel-guerard\/\">La terrine au fromage frais de Michel G\u00e9rard<\/a><\/li><\/ul>\n\n\n\n<p><\/p>\n\n\n\n<p><strong>Miam Miam &#8211; Recettes sucr\u00e9s<\/strong><\/p>\n\n\n\n<ul><li><a href=\"https:\/\/dallay.net\/here\/index.php\/les-canneles-de-bordeaux\/\">Les cannel\u00e9s<\/a><\/li><li><a href=\"https:\/\/dallay.net\/here\/index.php\/le-clafoutis-de-marie-colette\/\">Le clafoutis de MC<\/a><\/li><li><a href=\"https:\/\/dallay.net\/here\/index.php\/le-fameux-gateau-lili-danne-marie-transmise-par-bernard\/\">Le fameux g\u00e2teau Lilli d&rsquo;Anne-Marie<\/a><\/li><li><a href=\"https:\/\/dallay.net\/here\/index.php\/le-gateau-citron-pavot-au-lait-ribot-de-marie-paule\/\">Le g\u00e2teau citron, pavot et lait ribot de Marie-Pierre<\/a><\/li><li><a href=\"https:\/\/dallay.net\/here\/index.php\/le-gateau-au-chocolat-de-marie\/\">Le g\u00e2teau au chocolat de Marie<\/a><\/li><li><a href=\"https:\/\/dallay.net\/here\/index.php\/le-gateau-de-lours-cannelle-et-cardamone-de-christine-et-christian\/\">Le g\u00e2teau de l&rsquo;ours<\/a><\/li><li><a href=\"https:\/\/dallay.net\/here\/index.php\/la-confiture-doranges-ameres-de-tm\/\">La confiture d&rsquo;oranges am\u00e8res<\/a><\/li><li><a href=\"https:\/\/dallay.net\/here\/index.php\/la-mythique-brioche-de-mamee\/\">La mythique brioche de Mam\u00e9e<\/a><\/li><li><a href=\"https:\/\/dallay.net\/here\/index.php\/les-rosti-aux-pommes-de-marie-colette\/\">Les r\u00f6sties aux pommes de MC<\/a><\/li><li><a href=\"https:\/\/dallay.net\/here\/index.php\/les-scones-by-tm\/\">Les scones<\/a><\/li><li><a href=\"https:\/\/dallay.net\/here\/index.php\/la-tourtiere-aux-pommes-de-marie-colette\/\">La tourti\u00e8re aux pommes de MC<\/a><\/li><\/ul>\n\n\n\n<ul><li><a href=\"https:\/\/dallay.net\/here\/index.php\/ma-recette-preferee-de-gateau-au-chocolat\/\">Ma recette pr\u00e9f\u00e9r\u00e9e de g\u00e2teau au chocolat<\/a><\/li><li><a href=\"https:\/\/dallay.net\/here\/index.php\/une-recette-simple-de-meringues\/\">Une recette simple de meringue<\/a><\/li><\/ul>\n","protected":false},"excerpt":{"rendered":"<p>Scrounch Scrounch &#8211; Recettes sal\u00e9es La blanquette de veau de MC Les blinis de Marie Paule Les bouch\u00e9es au gruy\u00e8re de Tata Marie Le cake au jambon de MC Le cake sal\u00e9 de MC La &hellip;<\/p>\n","protected":false},"author":1,"featured_media":371,"parent":0,"menu_order":0,"comment_status":"closed","ping_status":"closed","template":"","meta":[],"_links":{"self":[{"href":"https:\/\/dallay.net\/here\/index.php\/wp-json\/wp\/v2\/pages\/370"}],"collection":[{"href":"https:\/\/dallay.net\/here\/index.php\/wp-json\/wp\/v2\/pages"}],"about":[{"href":"https:\/\/dallay.net\/here\/index.php\/wp-json\/wp\/v2\/types\/page"}],"author":[{"embeddable":true,"href":"https:\/\/dallay.net\/here\/index.php\/wp-json\/wp\/v2\/users\/1"}],"replies":[{"embeddable":true,"href":"https:\/\/dallay.net\/here\/index.php\/wp-json\/wp\/v2\/comments?post=370"}],"version-history":[{"count":10,"href":"https:\/\/dallay.net\/here\/index.php\/wp-json\/wp\/v2\/pages\/370\/revisions"}],"predecessor-version":[{"id":522,"href":"https:\/\/dallay.net\/here\/index.php\/wp-json\/wp\/v2\/pages\/370\/revisions\/522"}],"wp:featuredmedia":[{"embeddable":true,"href":"https:\/\/dallay.net\/here\/index.php\/wp-json\/wp\/v2\/media\/371"}],"wp:attachment":[{"href":"https:\/\/dallay.net\/here\/index.php\/wp-json\/wp\/v2\/media?parent=370"}],"curies":[{"name":"wp","href":"https:\/\/api.w.org\/{rel}","templated":true}]}}