{"id":383,"date":"2020-05-03T10:55:37","date_gmt":"2020-05-03T08:55:37","guid":{"rendered":"https:\/\/dallay.net\/here\/?page_id=383"},"modified":"2020-05-10T14:09:44","modified_gmt":"2020-05-10T12:09:44","slug":"le-clafoutis-de-marie-colette","status":"publish","type":"page","link":"https:\/\/dallay.net\/here\/index.php\/le-clafoutis-de-marie-colette\/","title":{"rendered":"Le clafoutis de Marie-Colette"},"content":{"rendered":"\n<p><br>Le clafoutis que ma maman faisait tr\u00e8s souvent.<\/p>\n\n\n\n<p><strong>Ingr\u00e9dients :<\/strong><\/p>\n\n\n\n<div class=\"wp-container-1 wp-block-group\"><div class=\"wp-block-group__inner-container\">\n<p>3 oeufs<br>50g de sucre<br>60g de farine<br>12cl de lait<br>400g de fruits (Pommes, Poires, Cerises, Abricots,&#8230;)<br>3cl d\u2019eau de vie ou de rhum<\/p>\n\n\n\n<p>1 pinc\u00e9e de sel<\/p>\n<\/div><\/div>\n\n\n\n<p><\/p>\n\n\n\n<p><strong>Recette :<\/strong><\/p>\n\n\n\n<p>M\u00e9langer la farine et le sucre<br>Battre farine et sucre avec les oeufs<br>Ajouter le lait<br>M\u00e9langer avec les fruits<br>Faire cuire une demie heure dans un moule \u00e0 manqu\u00e9 \u00e0 180 degr\u00e9s<\/p>\n\n\n\n<figure class=\"wp-block-image size-large is-resized\"><img loading=\"lazy\" src=\"https:\/\/dallay.net\/here\/wp-content\/uploads\/2020\/05\/clafoutis.png\" alt=\"\" class=\"wp-image-493\" width=\"399\" height=\"326\" srcset=\"https:\/\/dallay.net\/here\/wp-content\/uploads\/2020\/05\/clafoutis.png 504w, https:\/\/dallay.net\/here\/wp-content\/uploads\/2020\/05\/clafoutis-300x245.png 300w, https:\/\/dallay.net\/here\/wp-content\/uploads\/2020\/05\/clafoutis-408x334.png 408w\" sizes=\"(max-width: 399px) 100vw, 399px\" \/><\/figure>\n","protected":false},"excerpt":{"rendered":"<p>Le clafoutis que ma maman faisait tr\u00e8s souvent. Ingr\u00e9dients : 3 oeufs50g de sucre60g de farine12cl de lait400g de fruits (Pommes, Poires, Cerises, Abricots,&#8230;)3cl d\u2019eau de vie ou de rhum 1 pinc\u00e9e de sel Recette &hellip;<\/p>\n","protected":false},"author":7,"featured_media":384,"parent":0,"menu_order":0,"comment_status":"closed","ping_status":"closed","template":"","meta":[],"_links":{"self":[{"href":"https:\/\/dallay.net\/here\/index.php\/wp-json\/wp\/v2\/pages\/383"}],"collection":[{"href":"https:\/\/dallay.net\/here\/index.php\/wp-json\/wp\/v2\/pages"}],"about":[{"href":"https:\/\/dallay.net\/here\/index.php\/wp-json\/wp\/v2\/types\/page"}],"author":[{"embeddable":true,"href":"https:\/\/dallay.net\/here\/index.php\/wp-json\/wp\/v2\/users\/7"}],"replies":[{"embeddable":true,"href":"https:\/\/dallay.net\/here\/index.php\/wp-json\/wp\/v2\/comments?post=383"}],"version-history":[{"count":5,"href":"https:\/\/dallay.net\/here\/index.php\/wp-json\/wp\/v2\/pages\/383\/revisions"}],"predecessor-version":[{"id":570,"href":"https:\/\/dallay.net\/here\/index.php\/wp-json\/wp\/v2\/pages\/383\/revisions\/570"}],"wp:featuredmedia":[{"embeddable":true,"href":"https:\/\/dallay.net\/here\/index.php\/wp-json\/wp\/v2\/media\/384"}],"wp:attachment":[{"href":"https:\/\/dallay.net\/here\/index.php\/wp-json\/wp\/v2\/media?parent=383"}],"curies":[{"name":"wp","href":"https:\/\/api.w.org\/{rel}","templated":true}]}}