{"id":391,"date":"2020-05-03T11:01:47","date_gmt":"2020-05-03T09:01:47","guid":{"rendered":"https:\/\/dallay.net\/here\/?page_id=391"},"modified":"2020-05-03T11:10:18","modified_gmt":"2020-05-03T09:10:18","slug":"le-gateau-au-chocolat-de-marie","status":"publish","type":"page","link":"https:\/\/dallay.net\/here\/index.php\/le-gateau-au-chocolat-de-marie\/","title":{"rendered":"Le g\u00e2teau au chocolat de Marie"},"content":{"rendered":"\n<p><strong>Ingr\u00e9dients<\/strong><\/p>\n\n\n\n<p>250 g de chocolat noir<br>200 g de beurre<br>5 oeufs<br>250 g de sucre<br>1 cuill\u00e8re \u00e0 soupe de farine<br><\/p>\n\n\n\n<p><strong>Pr\u00e9paration<\/strong><\/p>\n\n\n\n<p>Faire chauffer le four \u00e0 190\u00b0C<br>Faire fondre le chocolat au micro-onde<br>M\u00e9langer le beurre au chocolat<br>Ajouter le sucre<br>Incorporer les oeufs un \u00e0 un en m\u00e9langeant \u00e0 la cuill\u00e8re<br>Ajouter la farine et lisser le m\u00e9lange<br>Faire cuire dans un moule pendant 22 mn<\/p>\n","protected":false},"excerpt":{"rendered":"<p>Ingr\u00e9dients 250 g de chocolat noir200 g de beurre5 oeufs250 g de sucre1 cuill\u00e8re \u00e0 soupe de farine Pr\u00e9paration Faire chauffer le four \u00e0 190\u00b0CFaire fondre le chocolat au micro-ondeM\u00e9langer le beurre au chocolatAjouter le &hellip;<\/p>\n","protected":false},"author":7,"featured_media":162,"parent":0,"menu_order":0,"comment_status":"closed","ping_status":"closed","template":"","meta":[],"_links":{"self":[{"href":"https:\/\/dallay.net\/here\/index.php\/wp-json\/wp\/v2\/pages\/391"}],"collection":[{"href":"https:\/\/dallay.net\/here\/index.php\/wp-json\/wp\/v2\/pages"}],"about":[{"href":"https:\/\/dallay.net\/here\/index.php\/wp-json\/wp\/v2\/types\/page"}],"author":[{"embeddable":true,"href":"https:\/\/dallay.net\/here\/index.php\/wp-json\/wp\/v2\/users\/7"}],"replies":[{"embeddable":true,"href":"https:\/\/dallay.net\/here\/index.php\/wp-json\/wp\/v2\/comments?post=391"}],"version-history":[{"count":1,"href":"https:\/\/dallay.net\/here\/index.php\/wp-json\/wp\/v2\/pages\/391\/revisions"}],"predecessor-version":[{"id":392,"href":"https:\/\/dallay.net\/here\/index.php\/wp-json\/wp\/v2\/pages\/391\/revisions\/392"}],"wp:featuredmedia":[{"embeddable":true,"href":"https:\/\/dallay.net\/here\/index.php\/wp-json\/wp\/v2\/media\/162"}],"wp:attachment":[{"href":"https:\/\/dallay.net\/here\/index.php\/wp-json\/wp\/v2\/media?parent=391"}],"curies":[{"name":"wp","href":"https:\/\/api.w.org\/{rel}","templated":true}]}}