{"id":395,"date":"2020-05-03T11:14:32","date_gmt":"2020-05-03T09:14:32","guid":{"rendered":"https:\/\/dallay.net\/here\/?page_id=395"},"modified":"2020-05-03T11:14:32","modified_gmt":"2020-05-03T09:14:32","slug":"le-cake-au-jambon-de-marie-colette","status":"publish","type":"page","link":"https:\/\/dallay.net\/here\/index.php\/le-cake-au-jambon-de-marie-colette\/","title":{"rendered":"Le cake au jambon de Marie-Colette"},"content":{"rendered":"\n<blockquote class=\"wp-block-quote\"><p>Une alternative au cake sal\u00e9\u2026 Il faut essayer les deux et choisir.<\/p><cite>Tata Marie<\/cite><\/blockquote>\n\n\n\n<p><strong>Ingr\u00e9dients<\/strong><\/p>\n\n\n\n<ul><li>3 oeufs<\/li><li>150 g d\u2019emmental<\/li><li>150 g de gouda<\/li><li>300 g de jambon coup\u00e9 en d\u00e9s<\/li><li>250 g de farine + un sachet de levure<\/li><li>1\/4 de litre de lait<\/li><li>1 grosse cuill\u00e8re de cr\u00e8me fra\u00eeche<\/li><li>2 cuill\u00e8res d\u2019huile<\/li><li>Sel et poivre<\/li><\/ul>\n\n\n\n<p><strong>Pr\u00e9paration<\/strong><\/p>\n\n\n\n<p>Allumer le four sur 180\u00b0<\/p>\n\n\n\n<p>Battre les oeufs, le lait, l\u2019huile et la cr\u00e8me fra\u00eeche ensemble.<\/p>\n\n\n\n<p>Ajouter la farine, sel, poivre et levure.<\/p>\n\n\n\n<p>Ajouter le fromage et le jambon.<\/p>\n\n\n\n<p>Mettre dans un moule \u00e0 cake beurr\u00e9 et faire cuire pendant 45 mn.<\/p>\n","protected":false},"excerpt":{"rendered":"<p>Une alternative au cake sal\u00e9\u2026 Il faut essayer les deux et choisir. Tata Marie Ingr\u00e9dients 3 oeufs 150 g d\u2019emmental 150 g de gouda 300 g de jambon coup\u00e9 en d\u00e9s 250 g de farine &hellip;<\/p>\n","protected":false},"author":7,"featured_media":0,"parent":0,"menu_order":0,"comment_status":"closed","ping_status":"closed","template":"","meta":[],"_links":{"self":[{"href":"https:\/\/dallay.net\/here\/index.php\/wp-json\/wp\/v2\/pages\/395"}],"collection":[{"href":"https:\/\/dallay.net\/here\/index.php\/wp-json\/wp\/v2\/pages"}],"about":[{"href":"https:\/\/dallay.net\/here\/index.php\/wp-json\/wp\/v2\/types\/page"}],"author":[{"embeddable":true,"href":"https:\/\/dallay.net\/here\/index.php\/wp-json\/wp\/v2\/users\/7"}],"replies":[{"embeddable":true,"href":"https:\/\/dallay.net\/here\/index.php\/wp-json\/wp\/v2\/comments?post=395"}],"version-history":[{"count":1,"href":"https:\/\/dallay.net\/here\/index.php\/wp-json\/wp\/v2\/pages\/395\/revisions"}],"predecessor-version":[{"id":396,"href":"https:\/\/dallay.net\/here\/index.php\/wp-json\/wp\/v2\/pages\/395\/revisions\/396"}],"wp:attachment":[{"href":"https:\/\/dallay.net\/here\/index.php\/wp-json\/wp\/v2\/media?parent=395"}],"curies":[{"name":"wp","href":"https:\/\/api.w.org\/{rel}","templated":true}]}}