{"id":397,"date":"2020-05-03T11:18:48","date_gmt":"2020-05-03T09:18:48","guid":{"rendered":"https:\/\/dallay.net\/here\/?page_id=397"},"modified":"2020-05-03T11:19:44","modified_gmt":"2020-05-03T09:19:44","slug":"le-cake-sale-de-marie-colette","status":"publish","type":"page","link":"https:\/\/dallay.net\/here\/index.php\/le-cake-sale-de-marie-colette\/","title":{"rendered":"Le cake sal\u00e9 de Marie-Colette"},"content":{"rendered":"\n<blockquote class=\"wp-block-quote\"><p>Un best of familial<\/p><cite>Tata Marie<\/cite><\/blockquote>\n\n\n\n<p><strong>Ingr\u00e9dients <\/strong><\/p>\n\n\n\n<ul><li>1,4 dl de vin blanc<\/li><li>1,5 dl d\u2019huile<\/li><li>4 oeufs<\/li><li>100 g de gruy\u00e8re rap\u00e9<\/li><li>1 sachet de levure<\/li><li>250 g de farine<\/li><li>1 pinc\u00e9e de sel<\/li><li>100 g d\u2019olives vertes et noires<\/li><li>200 g de jambon coup\u00e9 en d\u00e9s<\/li><\/ul>\n\n\n\n<p><strong>Pr\u00e9paration<\/strong><\/p>\n\n\n\n<p>Allumer le four \u00e0 180\u00b0<\/p>\n\n\n\n<p>Battre le vin blanc, l\u2019huile et les oeufs ensemble.<\/p>\n\n\n\n<p>Ajouter le fromage, la farine, la levure et le sel.<\/p>\n\n\n\n<p>Ajouter le jambon.<\/p>\n\n\n\n<p>Mettre la p\u00e2te dans un moule \u00e0 cake beurr\u00e9 et farin\u00e9 et cuire 45 minutes \u00e0 180 \u00b0.<\/p>\n","protected":false},"excerpt":{"rendered":"<p>Un best of familial Tata Marie Ingr\u00e9dients 1,4 dl de vin blanc 1,5 dl d\u2019huile 4 oeufs 100 g de gruy\u00e8re rap\u00e9 1 sachet de levure 250 g de farine 1 pinc\u00e9e de sel 100 &hellip;<\/p>\n","protected":false},"author":7,"featured_media":0,"parent":0,"menu_order":0,"comment_status":"closed","ping_status":"closed","template":"","meta":[],"_links":{"self":[{"href":"https:\/\/dallay.net\/here\/index.php\/wp-json\/wp\/v2\/pages\/397"}],"collection":[{"href":"https:\/\/dallay.net\/here\/index.php\/wp-json\/wp\/v2\/pages"}],"about":[{"href":"https:\/\/dallay.net\/here\/index.php\/wp-json\/wp\/v2\/types\/page"}],"author":[{"embeddable":true,"href":"https:\/\/dallay.net\/here\/index.php\/wp-json\/wp\/v2\/users\/7"}],"replies":[{"embeddable":true,"href":"https:\/\/dallay.net\/here\/index.php\/wp-json\/wp\/v2\/comments?post=397"}],"version-history":[{"count":2,"href":"https:\/\/dallay.net\/here\/index.php\/wp-json\/wp\/v2\/pages\/397\/revisions"}],"predecessor-version":[{"id":399,"href":"https:\/\/dallay.net\/here\/index.php\/wp-json\/wp\/v2\/pages\/397\/revisions\/399"}],"wp:attachment":[{"href":"https:\/\/dallay.net\/here\/index.php\/wp-json\/wp\/v2\/media?parent=397"}],"curies":[{"name":"wp","href":"https:\/\/api.w.org\/{rel}","templated":true}]}}