{"id":407,"date":"2020-05-03T11:27:57","date_gmt":"2020-05-03T09:27:57","guid":{"rendered":"https:\/\/dallay.net\/here\/?page_id=407"},"modified":"2020-05-03T11:28:05","modified_gmt":"2020-05-03T09:28:05","slug":"les-bouchees-au-gruyere-de-tm","status":"publish","type":"page","link":"https:\/\/dallay.net\/here\/index.php\/les-bouchees-au-gruyere-de-tm\/","title":{"rendered":"Les bouch\u00e9es au gruy\u00e8re de TM"},"content":{"rendered":"\n<blockquote class=\"wp-block-quote\"><p>Id\u00e9ales pour accompagner un pichet de Mojito<\/p><cite>Tata Marie<\/cite><\/blockquote>\n\n\n\n<p><strong>Ingr\u00e9dients <\/strong><\/p>\n\n\n\n<p>50 g de gruy\u00e8re rap\u00e9<br>125 g de farine<br>1 c \u00e0 caf\u00e9 de sel<br>1 c \u00e0 caf\u00e9 de levure<br>2 oeufs<br>1 dl d\u2019huile<br>1 dl de lait<br><\/p>\n\n\n\n<p><strong>Pr\u00e9paration<\/strong><\/p>\n\n\n\n<p>M\u00e9langer gruy\u00e8re, levure, farine et sel.<\/p>\n\n\n\n<p>Ajouter les oeufs 1 \u00e0 1, l\u2019huile, le lait et m\u00e9langer.<\/p>\n\n\n\n<p>Remplir des moules individuels beurr\u00e9s et faire cuire \u00e0 180\u00b0.<\/p>\n","protected":false},"excerpt":{"rendered":"<p>Id\u00e9ales pour accompagner un pichet de Mojito Tata Marie Ingr\u00e9dients 50 g de gruy\u00e8re rap\u00e9125 g de farine1 c \u00e0 caf\u00e9 de sel1 c \u00e0 caf\u00e9 de levure2 oeufs1 dl d\u2019huile1 dl de lait Pr\u00e9paration &hellip;<\/p>\n","protected":false},"author":7,"featured_media":74,"parent":0,"menu_order":0,"comment_status":"closed","ping_status":"closed","template":"","meta":[],"_links":{"self":[{"href":"https:\/\/dallay.net\/here\/index.php\/wp-json\/wp\/v2\/pages\/407"}],"collection":[{"href":"https:\/\/dallay.net\/here\/index.php\/wp-json\/wp\/v2\/pages"}],"about":[{"href":"https:\/\/dallay.net\/here\/index.php\/wp-json\/wp\/v2\/types\/page"}],"author":[{"embeddable":true,"href":"https:\/\/dallay.net\/here\/index.php\/wp-json\/wp\/v2\/users\/7"}],"replies":[{"embeddable":true,"href":"https:\/\/dallay.net\/here\/index.php\/wp-json\/wp\/v2\/comments?post=407"}],"version-history":[{"count":1,"href":"https:\/\/dallay.net\/here\/index.php\/wp-json\/wp\/v2\/pages\/407\/revisions"}],"predecessor-version":[{"id":408,"href":"https:\/\/dallay.net\/here\/index.php\/wp-json\/wp\/v2\/pages\/407\/revisions\/408"}],"wp:featuredmedia":[{"embeddable":true,"href":"https:\/\/dallay.net\/here\/index.php\/wp-json\/wp\/v2\/media\/74"}],"wp:attachment":[{"href":"https:\/\/dallay.net\/here\/index.php\/wp-json\/wp\/v2\/media?parent=407"}],"curies":[{"name":"wp","href":"https:\/\/api.w.org\/{rel}","templated":true}]}}