{"id":412,"date":"2020-05-03T11:34:48","date_gmt":"2020-05-03T09:34:48","guid":{"rendered":"https:\/\/dallay.net\/here\/?page_id=412"},"modified":"2020-05-03T11:34:48","modified_gmt":"2020-05-03T09:34:48","slug":"ma-recette-preferee-de-gateau-au-chocolat","status":"publish","type":"page","link":"https:\/\/dallay.net\/here\/index.php\/ma-recette-preferee-de-gateau-au-chocolat\/","title":{"rendered":"Ma recette pr\u00e9f\u00e9r\u00e9e de g\u00e2teau au chocolat"},"content":{"rendered":"\n<blockquote class=\"wp-block-quote\"><p>Tout est dans le titre<\/p><cite>Tata Marie<\/cite><\/blockquote>\n\n\n\n<p><br><strong>Ingr\u00e9dients pour 5 \u00e0 6 personnes<\/strong><\/p>\n\n\n\n<ul><li>200 g de chocolat \u00e0 p\u00e2tissier noir<\/li><li>100 g de beurre + une noix pour le moule<\/li><li>3 \u0153ufs<\/li><li>50 g de farine<\/li><li>100 g de sucre en poudre (je prends du sucre roux)<\/li><\/ul>\n\n\n\n<p><strong>Pr\u00e9paration<\/strong><\/p>\n\n\n\n<p><br>Pr\u00e9chauffez votre four \u00e0 180\u00b0C (thermostat 6).<\/p>\n\n\n\n<p>Dans une casserole, faites fondre le chocolat et le beurre coup\u00e9 en morceaux \u00e0 feu tr\u00e8s doux.<\/p>\n\n\n\n<p>Dans un saladier, ajoutez le sucre, les oeufs, la farine. M\u00e9langez.<\/p>\n\n\n\n<p>Ajoutez le m\u00e9lange chocolat\/beurre. M\u00e9langez bien.<\/p>\n\n\n\n<p>Beurrez et farinez votre moule puis y versez la p\u00e2te \u00e0 g\u00e2teau.<\/p>\n\n\n\n<p>Faites cuire au four environ 20 minutes.<\/p>\n\n\n\n<p>A la sortie du four le g\u00e2teau ne para\u00eet pas assez cuit. C\u2019est normal, laissez-le refroidir puis d\u00e9moulez- le.<\/p>\n","protected":false},"excerpt":{"rendered":"<p>Tout est dans le titre Tata Marie Ingr\u00e9dients pour 5 \u00e0 6 personnes 200 g de chocolat \u00e0 p\u00e2tissier noir 100 g de beurre + une noix pour le moule 3 \u0153ufs 50 g de &hellip;<\/p>\n","protected":false},"author":7,"featured_media":410,"parent":0,"menu_order":0,"comment_status":"closed","ping_status":"closed","template":"","meta":[],"_links":{"self":[{"href":"https:\/\/dallay.net\/here\/index.php\/wp-json\/wp\/v2\/pages\/412"}],"collection":[{"href":"https:\/\/dallay.net\/here\/index.php\/wp-json\/wp\/v2\/pages"}],"about":[{"href":"https:\/\/dallay.net\/here\/index.php\/wp-json\/wp\/v2\/types\/page"}],"author":[{"embeddable":true,"href":"https:\/\/dallay.net\/here\/index.php\/wp-json\/wp\/v2\/users\/7"}],"replies":[{"embeddable":true,"href":"https:\/\/dallay.net\/here\/index.php\/wp-json\/wp\/v2\/comments?post=412"}],"version-history":[{"count":1,"href":"https:\/\/dallay.net\/here\/index.php\/wp-json\/wp\/v2\/pages\/412\/revisions"}],"predecessor-version":[{"id":413,"href":"https:\/\/dallay.net\/here\/index.php\/wp-json\/wp\/v2\/pages\/412\/revisions\/413"}],"wp:featuredmedia":[{"embeddable":true,"href":"https:\/\/dallay.net\/here\/index.php\/wp-json\/wp\/v2\/media\/410"}],"wp:attachment":[{"href":"https:\/\/dallay.net\/here\/index.php\/wp-json\/wp\/v2\/media?parent=412"}],"curies":[{"name":"wp","href":"https:\/\/api.w.org\/{rel}","templated":true}]}}