{"id":424,"date":"2020-05-03T11:51:56","date_gmt":"2020-05-03T09:51:56","guid":{"rendered":"https:\/\/dallay.net\/here\/?page_id=424"},"modified":"2020-05-03T11:52:40","modified_gmt":"2020-05-03T09:52:40","slug":"une-recette-simple-de-meringues","status":"publish","type":"page","link":"https:\/\/dallay.net\/here\/index.php\/une-recette-simple-de-meringues\/","title":{"rendered":"Une recette simple de meringues"},"content":{"rendered":"\n<blockquote class=\"wp-block-quote\"><p>J\u2019utilise cette recette quand je fais des cannel\u00e9s car je ne sais pas quoi faire des blancs d\u2019oeufs\u2026<\/p><cite>Tata Marie<\/cite><\/blockquote>\n\n\n\n<p><strong>Avant de commencer, quelques points importants<\/strong><\/p>\n\n\n\n<ul><li>Sortir les oeufs 15 mn avant de commencer la recette<\/li><li>Ne pas laisser de jaune dans les blancs (no kidding)<\/li><li>Une fois la pr\u00e9paration pr\u00eate la mettre \u00e0 cuire imm\u00e9diatement (vraiment important)<\/li><\/ul>\n\n\n\n<p><strong>Pr\u00e9paration<\/strong><\/p>\n\n\n\n<p>Isoler 6 blancs d\u2019oeufs<br>Les battre en neige bien dure<br>Ajouter par petites quantit\u00e9s 375g de sucre en poudre (dont deux ou trois sachets de sucre vanill\u00e9)<br>Pr\u00e9chauffer le four sur 120<br>Disposer des petits tas de pr\u00e9paration sur une plaque recouverte de papier cuisson<br>Mettre \u00e0 cuire pendant 30 mn pour avoir des meringues moelleuses et plus pour les avoir plus dures.<\/p>\n","protected":false},"excerpt":{"rendered":"<p>J\u2019utilise cette recette quand je fais des cannel\u00e9s car je ne sais pas quoi faire des blancs d\u2019oeufs\u2026 Tata Marie Avant de commencer, quelques points importants Sortir les oeufs 15 mn avant de commencer la &hellip;<\/p>\n","protected":false},"author":7,"featured_media":410,"parent":0,"menu_order":0,"comment_status":"closed","ping_status":"closed","template":"","meta":[],"_links":{"self":[{"href":"https:\/\/dallay.net\/here\/index.php\/wp-json\/wp\/v2\/pages\/424"}],"collection":[{"href":"https:\/\/dallay.net\/here\/index.php\/wp-json\/wp\/v2\/pages"}],"about":[{"href":"https:\/\/dallay.net\/here\/index.php\/wp-json\/wp\/v2\/types\/page"}],"author":[{"embeddable":true,"href":"https:\/\/dallay.net\/here\/index.php\/wp-json\/wp\/v2\/users\/7"}],"replies":[{"embeddable":true,"href":"https:\/\/dallay.net\/here\/index.php\/wp-json\/wp\/v2\/comments?post=424"}],"version-history":[{"count":2,"href":"https:\/\/dallay.net\/here\/index.php\/wp-json\/wp\/v2\/pages\/424\/revisions"}],"predecessor-version":[{"id":426,"href":"https:\/\/dallay.net\/here\/index.php\/wp-json\/wp\/v2\/pages\/424\/revisions\/426"}],"wp:featuredmedia":[{"embeddable":true,"href":"https:\/\/dallay.net\/here\/index.php\/wp-json\/wp\/v2\/media\/410"}],"wp:attachment":[{"href":"https:\/\/dallay.net\/here\/index.php\/wp-json\/wp\/v2\/media?parent=424"}],"curies":[{"name":"wp","href":"https:\/\/api.w.org\/{rel}","templated":true}]}}