{"id":427,"date":"2020-05-03T11:55:12","date_gmt":"2020-05-03T09:55:12","guid":{"rendered":"https:\/\/dallay.net\/here\/?page_id=427"},"modified":"2020-05-03T11:55:13","modified_gmt":"2020-05-03T09:55:13","slug":"les-dos-de-cabillaud-de-rodolphe","status":"publish","type":"page","link":"https:\/\/dallay.net\/here\/index.php\/les-dos-de-cabillaud-de-rodolphe\/","title":{"rendered":"Les dos de cabillaud de Rodolphe"},"content":{"rendered":"\n<blockquote class=\"wp-block-quote\"><p><br>D\u00e9licieuse recette test\u00e9e et approuv\u00e9e !<\/p><cite>Tata Marie<\/cite><\/blockquote>\n\n\n\n<p>Badigeonner les dos avec de l\u2019huile d\u2019olive.<br>Pr\u00e9chauffer le four \u00e0 190.<br>Mettre les dos sur une plaque de cuisson recouverte de papier cuisson.<br>Laisser cuire 15 mn.<br>Faire un beurre noisette dans une po\u00eale et y passer les dos recto verso.<br>Servir avec une d\u00e9coction d\u2019agrumes : jus de pamplemousse et d\u2019orange que l\u2019on fait revenir doucement dans une casserole pendant une heure<\/p>\n","protected":false},"excerpt":{"rendered":"<p>D\u00e9licieuse recette test\u00e9e et approuv\u00e9e ! Tata Marie Badigeonner les dos avec de l\u2019huile d\u2019olive.Pr\u00e9chauffer le four \u00e0 190.Mettre les dos sur une plaque de cuisson recouverte de papier cuisson.Laisser cuire 15 mn.Faire un beurre &hellip;<\/p>\n","protected":false},"author":7,"featured_media":428,"parent":0,"menu_order":0,"comment_status":"closed","ping_status":"closed","template":"","meta":[],"_links":{"self":[{"href":"https:\/\/dallay.net\/here\/index.php\/wp-json\/wp\/v2\/pages\/427"}],"collection":[{"href":"https:\/\/dallay.net\/here\/index.php\/wp-json\/wp\/v2\/pages"}],"about":[{"href":"https:\/\/dallay.net\/here\/index.php\/wp-json\/wp\/v2\/types\/page"}],"author":[{"embeddable":true,"href":"https:\/\/dallay.net\/here\/index.php\/wp-json\/wp\/v2\/users\/7"}],"replies":[{"embeddable":true,"href":"https:\/\/dallay.net\/here\/index.php\/wp-json\/wp\/v2\/comments?post=427"}],"version-history":[{"count":1,"href":"https:\/\/dallay.net\/here\/index.php\/wp-json\/wp\/v2\/pages\/427\/revisions"}],"predecessor-version":[{"id":429,"href":"https:\/\/dallay.net\/here\/index.php\/wp-json\/wp\/v2\/pages\/427\/revisions\/429"}],"wp:featuredmedia":[{"embeddable":true,"href":"https:\/\/dallay.net\/here\/index.php\/wp-json\/wp\/v2\/media\/428"}],"wp:attachment":[{"href":"https:\/\/dallay.net\/here\/index.php\/wp-json\/wp\/v2\/media?parent=427"}],"curies":[{"name":"wp","href":"https:\/\/api.w.org\/{rel}","templated":true}]}}