{"id":430,"date":"2020-05-03T11:57:35","date_gmt":"2020-05-03T09:57:35","guid":{"rendered":"https:\/\/dallay.net\/here\/?page_id=430"},"modified":"2020-05-03T11:57:35","modified_gmt":"2020-05-03T09:57:35","slug":"la-confiture-doranges-ameres-de-tm","status":"publish","type":"page","link":"https:\/\/dallay.net\/here\/index.php\/la-confiture-doranges-ameres-de-tm\/","title":{"rendered":"La confiture d&rsquo;oranges am\u00e8res de TM"},"content":{"rendered":"\n<blockquote class=\"wp-block-quote\"><p>Ma confiture d\u2019oranges am\u00e8res<br><\/p><cite>Tata Marie<\/cite><\/blockquote>\n\n\n\n<p><strong>Ingr\u00e9dients<\/strong><\/p>\n\n\n\n<ul><li>2,5 kg d\u2019oranges am\u00e8res non trait\u00e9es<\/li><li>3 litres d\u2019eau de source<\/li><li>3 kg de sucre<\/li><\/ul>\n\n\n\n<p><strong>Pr\u00e9paration<\/strong><\/p>\n\n\n\n<p>Laver et peler les oranges. D\u00e9couper les \u00e9corces en fines lani\u00e8res (bon courage, c\u2019est tr\u00e8s long\u2026), couper chaque quartier d\u2019orange en deux en enlevant les p\u00e9pin.<\/p>\n\n\n\n<p>Mettre dans un bassine \u00e0 confiture les \u00e9corces, les quartiers d\u2019oranges, les p\u00e9pins nou\u00e9s dans une gaze et l\u2019eau. Laisser mac\u00e9rer au moins 12h.<\/p>\n\n\n\n<p>Amener \u00e0 \u00e9bullition. Laisser cuire \u00e0 petit bouillons pendant une heure.<\/p>\n\n\n\n<p>Ajouter le sucre et cuire pendant 30 mn (cuisson \u00e0 doser selon votre go\u00fbt).<\/p>\n","protected":false},"excerpt":{"rendered":"<p>Ma confiture d\u2019oranges am\u00e8res Tata Marie Ingr\u00e9dients 2,5 kg d\u2019oranges am\u00e8res non trait\u00e9es 3 litres d\u2019eau de source 3 kg de sucre Pr\u00e9paration Laver et peler les oranges. D\u00e9couper les \u00e9corces en fines lani\u00e8res (bon &hellip;<\/p>\n","protected":false},"author":7,"featured_media":82,"parent":0,"menu_order":0,"comment_status":"closed","ping_status":"closed","template":"","meta":[],"_links":{"self":[{"href":"https:\/\/dallay.net\/here\/index.php\/wp-json\/wp\/v2\/pages\/430"}],"collection":[{"href":"https:\/\/dallay.net\/here\/index.php\/wp-json\/wp\/v2\/pages"}],"about":[{"href":"https:\/\/dallay.net\/here\/index.php\/wp-json\/wp\/v2\/types\/page"}],"author":[{"embeddable":true,"href":"https:\/\/dallay.net\/here\/index.php\/wp-json\/wp\/v2\/users\/7"}],"replies":[{"embeddable":true,"href":"https:\/\/dallay.net\/here\/index.php\/wp-json\/wp\/v2\/comments?post=430"}],"version-history":[{"count":1,"href":"https:\/\/dallay.net\/here\/index.php\/wp-json\/wp\/v2\/pages\/430\/revisions"}],"predecessor-version":[{"id":431,"href":"https:\/\/dallay.net\/here\/index.php\/wp-json\/wp\/v2\/pages\/430\/revisions\/431"}],"wp:featuredmedia":[{"embeddable":true,"href":"https:\/\/dallay.net\/here\/index.php\/wp-json\/wp\/v2\/media\/82"}],"wp:attachment":[{"href":"https:\/\/dallay.net\/here\/index.php\/wp-json\/wp\/v2\/media?parent=430"}],"curies":[{"name":"wp","href":"https:\/\/api.w.org\/{rel}","templated":true}]}}