{"id":440,"date":"2020-05-03T12:07:55","date_gmt":"2020-05-03T10:07:55","guid":{"rendered":"https:\/\/dallay.net\/here\/?page_id=440"},"modified":"2020-05-03T12:07:56","modified_gmt":"2020-05-03T10:07:56","slug":"le-gateau-citron-pavot-au-lait-ribot-de-marie-paule","status":"publish","type":"page","link":"https:\/\/dallay.net\/here\/index.php\/le-gateau-citron-pavot-au-lait-ribot-de-marie-paule\/","title":{"rendered":"Le g\u00e2teau Citron-Pavot au lait ribot de Marie-Paule"},"content":{"rendered":"\n<p><br><strong>Ingr\u00e9dients<\/strong><\/p>\n\n\n\n<ul><li>125 g de beurre demi-sel<\/li><li>150 g de sucre de canne<\/li><li>Le zeste d\u2019un citron bio<\/li><li>2 \u0153ufs<\/li><li>180 g de farine<\/li><li>2 cuill\u00e8res \u00e0 caf\u00e9 rase de levure chimique<\/li><li>25 g de poudre d\u2019amande<\/li><li>2 cuill\u00e8res \u00e0 soupe bomb\u00e9es de graines de pavot<\/li><li>18 cl de lait ribot \/ ferment\u00e9<\/li><li>4 ou 5 cuill\u00e8res \u00e0 soupe de jus de citron<\/li><\/ul>\n\n\n\n<p><strong>Pr\u00e9paration<\/strong><\/p>\n\n\n\n<p>Pour un moule rond de 25 cm de diam\u00e8tre max.<\/p>\n\n\n\n<p>Pr\u00e9chauffer le four \u00e0 180\u00b0<\/p>\n\n\n\n<p>Dans un bol, m\u00e9langer le beurre mou, le sucre, le zeste jusqu\u2019\u00e0 ce que le m\u00e9lange soit mousseux.<\/p>\n\n\n\n<p>Ajouter les oeufs 1 par 1 en m\u00e9langeant bien \u00e0 chaque ajout.<\/p>\n\n\n\n<p>Ajouter la farine, la poudre d\u2019amande, les graines de pavot, la levure et le lait ribot en m\u00e9langeant.<\/p>\n\n\n\n<p>Verser dans le moule beurr\u00e9 et lisser la surface.<\/p>\n\n\n\n<p>Cuire 25 \u00e0 35 mn, la g\u00e2teau doit \u00eatre dor\u00e9 et la lame du couteau ressortir s\u00e8che.<\/p>\n","protected":false},"excerpt":{"rendered":"<p>Ingr\u00e9dients 125 g de beurre demi-sel 150 g de sucre de canne Le zeste d\u2019un citron bio 2 \u0153ufs 180 g de farine 2 cuill\u00e8res \u00e0 caf\u00e9 rase de levure chimique 25 g de poudre &hellip;<\/p>\n","protected":false},"author":7,"featured_media":420,"parent":0,"menu_order":0,"comment_status":"closed","ping_status":"closed","template":"","meta":[],"_links":{"self":[{"href":"https:\/\/dallay.net\/here\/index.php\/wp-json\/wp\/v2\/pages\/440"}],"collection":[{"href":"https:\/\/dallay.net\/here\/index.php\/wp-json\/wp\/v2\/pages"}],"about":[{"href":"https:\/\/dallay.net\/here\/index.php\/wp-json\/wp\/v2\/types\/page"}],"author":[{"embeddable":true,"href":"https:\/\/dallay.net\/here\/index.php\/wp-json\/wp\/v2\/users\/7"}],"replies":[{"embeddable":true,"href":"https:\/\/dallay.net\/here\/index.php\/wp-json\/wp\/v2\/comments?post=440"}],"version-history":[{"count":1,"href":"https:\/\/dallay.net\/here\/index.php\/wp-json\/wp\/v2\/pages\/440\/revisions"}],"predecessor-version":[{"id":441,"href":"https:\/\/dallay.net\/here\/index.php\/wp-json\/wp\/v2\/pages\/440\/revisions\/441"}],"wp:featuredmedia":[{"embeddable":true,"href":"https:\/\/dallay.net\/here\/index.php\/wp-json\/wp\/v2\/media\/420"}],"wp:attachment":[{"href":"https:\/\/dallay.net\/here\/index.php\/wp-json\/wp\/v2\/media?parent=440"}],"curies":[{"name":"wp","href":"https:\/\/api.w.org\/{rel}","templated":true}]}}