{"id":442,"date":"2020-05-03T12:18:04","date_gmt":"2020-05-03T10:18:04","guid":{"rendered":"https:\/\/dallay.net\/here\/?page_id=442"},"modified":"2020-05-03T12:18:04","modified_gmt":"2020-05-03T10:18:04","slug":"les-blinis-de-marie-paule","status":"publish","type":"page","link":"https:\/\/dallay.net\/here\/index.php\/les-blinis-de-marie-paule\/","title":{"rendered":"Les blinis de Marie-Paule"},"content":{"rendered":"\n<p><strong>Ingr\u00e9dients (pour 4 personnes (j\u2019ai doubl\u00e9 les proportions, j\u2019ai fait une bonne vingtaine de blinis avec) <\/strong><\/p>\n\n\n\n<p>1 yaourt bulgare<br>1 \u0153uf<br>1 pot \u00e0 yaourt de farine<br>1\/2 sachet de levure chimique<br>1 pinc\u00e9e de sel<\/p>\n\n\n\n<p><strong>Pr\u00e9paration<\/strong><\/p>\n\n\n\n<p>M\u00e9langer tous les ingr\u00e9dients ensemble, puis laisse reposer la p\u00e2te pendant 1 heure au r\u00e9frig\u00e9rateur.<\/p>\n\n\n\n<p>Faire cuire dans un po\u00eale \u00e0 blinis ou sur une po\u00eale anti-adh\u00e9sive. Lorsqu\u2019ils font des trous, les retourner.<\/p>\n\n\n\n<p>Servir tout de suite ou r\u00e9chauffer avant de passer \u00e0 table.<\/p>\n","protected":false},"excerpt":{"rendered":"<p>Ingr\u00e9dients (pour 4 personnes (j\u2019ai doubl\u00e9 les proportions, j\u2019ai fait une bonne vingtaine de blinis avec) 1 yaourt bulgare1 \u0153uf1 pot \u00e0 yaourt de farine1\/2 sachet de levure chimique1 pinc\u00e9e de sel Pr\u00e9paration M\u00e9langer tous &hellip;<\/p>\n","protected":false},"author":7,"featured_media":416,"parent":0,"menu_order":0,"comment_status":"closed","ping_status":"closed","template":"","meta":[],"_links":{"self":[{"href":"https:\/\/dallay.net\/here\/index.php\/wp-json\/wp\/v2\/pages\/442"}],"collection":[{"href":"https:\/\/dallay.net\/here\/index.php\/wp-json\/wp\/v2\/pages"}],"about":[{"href":"https:\/\/dallay.net\/here\/index.php\/wp-json\/wp\/v2\/types\/page"}],"author":[{"embeddable":true,"href":"https:\/\/dallay.net\/here\/index.php\/wp-json\/wp\/v2\/users\/7"}],"replies":[{"embeddable":true,"href":"https:\/\/dallay.net\/here\/index.php\/wp-json\/wp\/v2\/comments?post=442"}],"version-history":[{"count":1,"href":"https:\/\/dallay.net\/here\/index.php\/wp-json\/wp\/v2\/pages\/442\/revisions"}],"predecessor-version":[{"id":443,"href":"https:\/\/dallay.net\/here\/index.php\/wp-json\/wp\/v2\/pages\/442\/revisions\/443"}],"wp:featuredmedia":[{"embeddable":true,"href":"https:\/\/dallay.net\/here\/index.php\/wp-json\/wp\/v2\/media\/416"}],"wp:attachment":[{"href":"https:\/\/dallay.net\/here\/index.php\/wp-json\/wp\/v2\/media?parent=442"}],"curies":[{"name":"wp","href":"https:\/\/api.w.org\/{rel}","templated":true}]}}