{"id":450,"date":"2020-05-03T12:25:23","date_gmt":"2020-05-03T10:25:23","guid":{"rendered":"https:\/\/dallay.net\/here\/?page_id=450"},"modified":"2020-05-03T12:25:24","modified_gmt":"2020-05-03T10:25:24","slug":"yakitori-au-poulet-au-sesame-grille-demilie-et-elisa","status":"publish","type":"page","link":"https:\/\/dallay.net\/here\/index.php\/yakitori-au-poulet-au-sesame-grille-demilie-et-elisa\/","title":{"rendered":"Yakitori au poulet au s\u00e9same grill\u00e9 d\u2019Emilie et Elisa"},"content":{"rendered":"\n<blockquote class=\"wp-block-quote\"><p><br>J\u2019ai offert \u00e0 mes fille et belle filles un cours de cuisine. C\u2019est assez malin de ma part je trouve\u2026 Elles sont revenues avec cette recette de poulet tr\u00e8s simple qu\u2019elles ont test\u00e9 le soir m\u00eame avec succ\u00e8s. Petite pr\u00e9cision : \u00e7a marche aussi tr\u00e8s bien sans pics de brochettes<\/p><cite>Tata Marie<\/cite><\/blockquote>\n\n\n\n<p><strong>Ingr\u00e9dients (pour 4 personnes)<\/strong><\/p>\n\n\n\n<ul><li>500 gr d\u2019escalopes de poulet<\/li><li>Graines de s\u00e9same dor\u00e9 ou noir<\/li><li>8 cuill\u00e8res \u00e0 soupe de sauce soja<\/li><li>4 cuill\u00e8res \u00e0 soupe de sucre blond<\/li><li>4 cuill\u00e8res \u00e0 soupe de vinaigre de riz<\/li><li>Petits pics de brochettes en bois<\/li><li>1 c\u00e9bette (pas obligatoire)<\/li><\/ul>\n\n\n\n<p><strong>Pr\u00e9paration et cuisson <\/strong><\/p>\n\n\n\n<p>Emincer le poulet en petites lani\u00e8res<br>Enfoncer les lani\u00e8res sur les pics<br>M\u00e9langer la sauce soja, le sucre et le vinaigre de riz dans un saladier<br>Faire mariner les brochettes dans ce m\u00e9lange pendant 1 heure<br>Tremper les brochettes dans les graines de s\u00e9same<br>Faire griller les yakitori dans une po\u00eale ou un wok sans mati\u00e8re grasse<br>Ajouter le jus de la marinade en cours de cuisson<\/p>\n","protected":false},"excerpt":{"rendered":"<p>J\u2019ai offert \u00e0 mes fille et belle filles un cours de cuisine. C\u2019est assez malin de ma part je trouve\u2026 Elles sont revenues avec cette recette de poulet tr\u00e8s simple qu\u2019elles ont test\u00e9 le soir &hellip;<\/p>\n","protected":false},"author":7,"featured_media":400,"parent":0,"menu_order":0,"comment_status":"closed","ping_status":"closed","template":"","meta":[],"_links":{"self":[{"href":"https:\/\/dallay.net\/here\/index.php\/wp-json\/wp\/v2\/pages\/450"}],"collection":[{"href":"https:\/\/dallay.net\/here\/index.php\/wp-json\/wp\/v2\/pages"}],"about":[{"href":"https:\/\/dallay.net\/here\/index.php\/wp-json\/wp\/v2\/types\/page"}],"author":[{"embeddable":true,"href":"https:\/\/dallay.net\/here\/index.php\/wp-json\/wp\/v2\/users\/7"}],"replies":[{"embeddable":true,"href":"https:\/\/dallay.net\/here\/index.php\/wp-json\/wp\/v2\/comments?post=450"}],"version-history":[{"count":1,"href":"https:\/\/dallay.net\/here\/index.php\/wp-json\/wp\/v2\/pages\/450\/revisions"}],"predecessor-version":[{"id":451,"href":"https:\/\/dallay.net\/here\/index.php\/wp-json\/wp\/v2\/pages\/450\/revisions\/451"}],"wp:featuredmedia":[{"embeddable":true,"href":"https:\/\/dallay.net\/here\/index.php\/wp-json\/wp\/v2\/media\/400"}],"wp:attachment":[{"href":"https:\/\/dallay.net\/here\/index.php\/wp-json\/wp\/v2\/media?parent=450"}],"curies":[{"name":"wp","href":"https:\/\/api.w.org\/{rel}","templated":true}]}}