{"id":452,"date":"2020-05-03T12:26:58","date_gmt":"2020-05-03T10:26:58","guid":{"rendered":"https:\/\/dallay.net\/here\/?page_id=452"},"modified":"2020-05-03T12:26:58","modified_gmt":"2020-05-03T10:26:58","slug":"les-mini-madeleines-au-the-vert-de-chloe","status":"publish","type":"page","link":"https:\/\/dallay.net\/here\/index.php\/les-mini-madeleines-au-the-vert-de-chloe\/","title":{"rendered":"Les mini madeleines au th\u00e9 vert de Chlo\u00e9"},"content":{"rendered":"\n<blockquote class=\"wp-block-quote\"><p>Chlo\u00e9 nous fait assez souvent des madeleines, avec des parfums vari\u00e9s. Cette recette est au th\u00e9 vert mais elle fonctionne aussi avec de la fleur d\u2019oranger ou du citron. Pour la version au citron, il faut remplacer le th\u00e9 vert par le zeste d\u2019un citron non press\u00e9 et son jus. A mon avis, avec un peu d\u2019imagination, on peut tester d\u2019autres parfums\u2026<\/p><cite>Tata Marie<\/cite><\/blockquote>\n\n\n\n<p><strong>Ingr\u00e9dients (pour 40 mini madeleines)<\/strong><\/p>\n\n\n\n<ul><li>150 gr de farine tamis\u00e9e<\/li><li>125 gr de beurre ramolli<\/li><li>150 gr de sucre<\/li><li>2 gros oeufs<\/li><li>2 cuiller\u00e9es \u00e0 soupe de lait<\/li><li>1 cuill\u00e8re \u00e0 caf\u00e9 de levure chimique<\/li><li>2 cuill\u00e8res \u00e0 caf\u00e9 de vanille liquide<\/li><li>2 cuill\u00e8res \u00e0 caf\u00e9 de th\u00e9 matcha en poudre<\/li><li><\/li><\/ul>\n\n\n\n<p><strong>Pr\u00e9paration<\/strong><\/p>\n\n\n\n<p>Fouetter les oeufs avec le sucre jusqu\u2019\u00e0 obtention d\u2019une p\u00e2te blanche<br>Ajouter progressivement la farine et la levure tamis\u00e9es<br>Ajouter ensuite le beurre ramolli et le lait<br>Ajouter le th\u00e9 Matcha et la vanille<br>Laisser reposer 30 mn au r\u00e9frig\u00e9rateur<br>Verser une cuill\u00e8re de p\u00e2te dans les moules<br>Cuisson :<\/p>\n\n\n\n<p>Pr\u00e9-chauffer le four \u00e0 220\u00b0C (th 7 \u2013 8) et laisser cuire 3 \u00e0 4 minutes<br>Baisser le four \u00e0 180\u00b0 (th 6) et laisser cuire 3 \u00e0 6 mn de plus<\/p>\n","protected":false},"excerpt":{"rendered":"<p>Chlo\u00e9 nous fait assez souvent des madeleines, avec des parfums vari\u00e9s. Cette recette est au th\u00e9 vert mais elle fonctionne aussi avec de la fleur d\u2019oranger ou du citron. Pour la version au citron, il &hellip;<\/p>\n","protected":false},"author":7,"featured_media":73,"parent":0,"menu_order":0,"comment_status":"closed","ping_status":"closed","template":"","meta":[],"_links":{"self":[{"href":"https:\/\/dallay.net\/here\/index.php\/wp-json\/wp\/v2\/pages\/452"}],"collection":[{"href":"https:\/\/dallay.net\/here\/index.php\/wp-json\/wp\/v2\/pages"}],"about":[{"href":"https:\/\/dallay.net\/here\/index.php\/wp-json\/wp\/v2\/types\/page"}],"author":[{"embeddable":true,"href":"https:\/\/dallay.net\/here\/index.php\/wp-json\/wp\/v2\/users\/7"}],"replies":[{"embeddable":true,"href":"https:\/\/dallay.net\/here\/index.php\/wp-json\/wp\/v2\/comments?post=452"}],"version-history":[{"count":1,"href":"https:\/\/dallay.net\/here\/index.php\/wp-json\/wp\/v2\/pages\/452\/revisions"}],"predecessor-version":[{"id":453,"href":"https:\/\/dallay.net\/here\/index.php\/wp-json\/wp\/v2\/pages\/452\/revisions\/453"}],"wp:featuredmedia":[{"embeddable":true,"href":"https:\/\/dallay.net\/here\/index.php\/wp-json\/wp\/v2\/media\/73"}],"wp:attachment":[{"href":"https:\/\/dallay.net\/here\/index.php\/wp-json\/wp\/v2\/media?parent=452"}],"curies":[{"name":"wp","href":"https:\/\/api.w.org\/{rel}","templated":true}]}}