{"id":461,"date":"2020-05-03T13:35:54","date_gmt":"2020-05-03T11:35:54","guid":{"rendered":"https:\/\/dallay.net\/here\/?page_id=461"},"modified":"2020-05-03T13:35:54","modified_gmt":"2020-05-03T11:35:54","slug":"la-soupe-de-potimaron-ou-de-potiron-de-bernard-et-marie-france","status":"publish","type":"page","link":"https:\/\/dallay.net\/here\/index.php\/la-soupe-de-potimaron-ou-de-potiron-de-bernard-et-marie-france\/","title":{"rendered":"La soupe de potimaron (ou de potiron) de Bernard et Marie-France"},"content":{"rendered":"\n<blockquote class=\"wp-block-quote\"><p><br>Une variante de soupe au potimaron ou au potiron.<\/p><cite>Tata Marie<\/cite><\/blockquote>\n\n\n\n<p><strong>Ingr\u00e9dients<\/strong><\/p>\n\n\n\n<ul><li>1 kg 200 de potimaron (ou de potiron) coup\u00e9s en d\u00e9s<\/li><li>1 oignon \u00e9minc\u00e9<\/li><li>2 cuill\u00e8res \u00e0 soupe de pur\u00e9e d\u2019amandes<\/li><li>2 cuill\u00e8res \u00e0 soupe de graines de s\u00e9same l\u00e9g\u00e8rement grill\u00e9es<\/li><li>1 pinc\u00e9e de noix de muscade<\/li><li>80 g de comt\u00e9 r\u00e2p\u00e9<\/li><li>1 bol de petits cro\u00fbtons<\/li><li>sel<\/li><\/ul>\n\n\n\n<p><strong>Pr\u00e9paration<\/strong><\/p>\n\n\n\n<p>1 \u2013 Faire bouillir le potiron (ou le potimarron) et l\u2019oignon dans 1, 5 l d\u2019eau bouillante sal\u00e9e, 30 mn. Environ<\/p>\n\n\n\n<p>2 \u2013 Passer le tout au mixer (ou au moulin \u00e0 l\u00e9gumes)<\/p>\n\n\n\n<p>3 \u2013Incorporer la pur\u00e9e d\u2019amandes, la noix de muscade<\/p>\n\n\n\n<p>4 \u2013 Saler si n\u00e9cessaire<\/p>\n\n\n\n<p>5 \u2013 Incorporer le comt\u00e9 r\u00e2p\u00e9 avant de servir et homog\u00e9n\u00e9iser \u00e0 feu doux<\/p>\n","protected":false},"excerpt":{"rendered":"<p>Une variante de soupe au potimaron ou au potiron. Tata Marie Ingr\u00e9dients 1 kg 200 de potimaron (ou de potiron) coup\u00e9s en d\u00e9s 1 oignon \u00e9minc\u00e9 2 cuill\u00e8res \u00e0 soupe de pur\u00e9e d\u2019amandes 2 cuill\u00e8res &hellip;<\/p>\n","protected":false},"author":7,"featured_media":416,"parent":0,"menu_order":0,"comment_status":"closed","ping_status":"closed","template":"","meta":[],"_links":{"self":[{"href":"https:\/\/dallay.net\/here\/index.php\/wp-json\/wp\/v2\/pages\/461"}],"collection":[{"href":"https:\/\/dallay.net\/here\/index.php\/wp-json\/wp\/v2\/pages"}],"about":[{"href":"https:\/\/dallay.net\/here\/index.php\/wp-json\/wp\/v2\/types\/page"}],"author":[{"embeddable":true,"href":"https:\/\/dallay.net\/here\/index.php\/wp-json\/wp\/v2\/users\/7"}],"replies":[{"embeddable":true,"href":"https:\/\/dallay.net\/here\/index.php\/wp-json\/wp\/v2\/comments?post=461"}],"version-history":[{"count":1,"href":"https:\/\/dallay.net\/here\/index.php\/wp-json\/wp\/v2\/pages\/461\/revisions"}],"predecessor-version":[{"id":462,"href":"https:\/\/dallay.net\/here\/index.php\/wp-json\/wp\/v2\/pages\/461\/revisions\/462"}],"wp:featuredmedia":[{"embeddable":true,"href":"https:\/\/dallay.net\/here\/index.php\/wp-json\/wp\/v2\/media\/416"}],"wp:attachment":[{"href":"https:\/\/dallay.net\/here\/index.php\/wp-json\/wp\/v2\/media?parent=461"}],"curies":[{"name":"wp","href":"https:\/\/api.w.org\/{rel}","templated":true}]}}