{"id":473,"date":"2020-05-03T13:51:24","date_gmt":"2020-05-03T11:51:24","guid":{"rendered":"https:\/\/dallay.net\/here\/?page_id=473"},"modified":"2020-05-03T13:51:25","modified_gmt":"2020-05-03T11:51:25","slug":"la-quiche-lorraine-de-marie-colette","status":"publish","type":"page","link":"https:\/\/dallay.net\/here\/index.php\/la-quiche-lorraine-de-marie-colette\/","title":{"rendered":"La quiche lorraine de Marie-Colette"},"content":{"rendered":"\n<blockquote class=\"wp-block-quote\"><p>Attention, best of familial<\/p><p>C\u2019est le seule recette de quiche lorraine pour moi. C\u2019est mieux de faire la p\u00e2te soi m\u00eame, mais moi, je suis nulle en p\u00e2te.<\/p><cite>Tata Marie<\/cite><\/blockquote>\n\n\n\n<p><strong>Ingr\u00e9dients (pour 6)<\/strong><\/p>\n\n\n\n<ul><li>une p\u00e2te \u00e0 tarte bris\u00e9e<\/li><li>5 oeufs<\/li><li>Un gros pot de cr\u00e8me fra\u00eeche \u00e9paisse<\/li><li>sel, poivre et muscade<\/li><li>Poitrine fum\u00e9e coup\u00e9e en d\u00e9s<\/li><\/ul>\n\n\n\n<p><strong>Et maintenant, machinons les ingr\u00e9dients<\/strong><\/p>\n\n\n\n<p><br>Faire chauffer le four sur 180 \/ 200\u00b0<\/p>\n\n\n\n<p>Etaler la p\u00e2te dans un moule \u00e0 tarte, et la piquer de quelques coups de fourchette.<\/p>\n\n\n\n<p>Battre les oeufs, les m\u00e9langer avec la cr\u00e8me, le sel, le poivre et la muscade.<\/p>\n\n\n\n<p>Ajouter la poitrine fum\u00e9e.<\/p>\n\n\n\n<p>Mettre l\u2019appareil dans la p\u00e2te et mettre au four pour 40 minutes.<\/p>\n","protected":false},"excerpt":{"rendered":"<p>Attention, best of familial C\u2019est le seule recette de quiche lorraine pour moi. C\u2019est mieux de faire la p\u00e2te soi m\u00eame, mais moi, je suis nulle en p\u00e2te. Tata Marie Ingr\u00e9dients (pour 6) une p\u00e2te &hellip;<\/p>\n","protected":false},"author":7,"featured_media":416,"parent":0,"menu_order":0,"comment_status":"closed","ping_status":"closed","template":"","meta":[],"_links":{"self":[{"href":"https:\/\/dallay.net\/here\/index.php\/wp-json\/wp\/v2\/pages\/473"}],"collection":[{"href":"https:\/\/dallay.net\/here\/index.php\/wp-json\/wp\/v2\/pages"}],"about":[{"href":"https:\/\/dallay.net\/here\/index.php\/wp-json\/wp\/v2\/types\/page"}],"author":[{"embeddable":true,"href":"https:\/\/dallay.net\/here\/index.php\/wp-json\/wp\/v2\/users\/7"}],"replies":[{"embeddable":true,"href":"https:\/\/dallay.net\/here\/index.php\/wp-json\/wp\/v2\/comments?post=473"}],"version-history":[{"count":1,"href":"https:\/\/dallay.net\/here\/index.php\/wp-json\/wp\/v2\/pages\/473\/revisions"}],"predecessor-version":[{"id":474,"href":"https:\/\/dallay.net\/here\/index.php\/wp-json\/wp\/v2\/pages\/473\/revisions\/474"}],"wp:featuredmedia":[{"embeddable":true,"href":"https:\/\/dallay.net\/here\/index.php\/wp-json\/wp\/v2\/media\/416"}],"wp:attachment":[{"href":"https:\/\/dallay.net\/here\/index.php\/wp-json\/wp\/v2\/media?parent=473"}],"curies":[{"name":"wp","href":"https:\/\/api.w.org\/{rel}","templated":true}]}}