{"id":475,"date":"2020-05-03T13:53:03","date_gmt":"2020-05-03T11:53:03","guid":{"rendered":"https:\/\/dallay.net\/here\/?page_id=475"},"modified":"2020-05-03T13:53:03","modified_gmt":"2020-05-03T11:53:03","slug":"le-taboule-oriental-de-denise","status":"publish","type":"page","link":"https:\/\/dallay.net\/here\/index.php\/le-taboule-oriental-de-denise\/","title":{"rendered":"Le taboul\u00e9 oriental de Denise"},"content":{"rendered":"\n<blockquote class=\"wp-block-quote\"><p>Une de mes entr\u00e9es pr\u00e9f\u00e9r\u00e9es l\u2019\u00e9t\u00e9;<\/p><cite>Tata Marie<\/cite><\/blockquote>\n\n\n\n<p><strong>Ingr\u00e9dients<\/strong><\/p>\n\n\n\n<ul><li>3 \u00e0 4 bottes de persil plat (on peut remplacer une des bottes de persil par une botte de coriandre)<\/li><li>Le jus de 2 ou 3 citrons<\/li><li>3 tomates coup\u00e9es en d\u00e9s<\/li><li>200 g de boulghour<\/li><li>4 oignons frais hach\u00e9s<\/li><li>3 cuill\u00e8re \u00e0 soupe d\u2019huile d\u2019olives<\/li><li>1 cuill\u00e8res \u00e0 caf\u00e9 de cannelle<\/li><li>sel et poivre<\/li><li><\/li><\/ul>\n\n\n\n<p><strong>Pr\u00e9paration<\/strong><\/p>\n\n\n\n<p>Hacher le persil assez fin. Ajouter les d\u00e9s de tomates et les oignons h\u00e2ch\u00e9s.<\/p>\n\n\n\n<p>Verser le jus de citron, l\u2019huile, la cannelle, le sel et le poivre.<\/p>\n\n\n\n<p>Servir tr\u00e8s frais avec un Bandol<\/p>\n","protected":false},"excerpt":{"rendered":"<p>Une de mes entr\u00e9es pr\u00e9f\u00e9r\u00e9es l\u2019\u00e9t\u00e9; Tata Marie Ingr\u00e9dients 3 \u00e0 4 bottes de persil plat (on peut remplacer une des bottes de persil par une botte de coriandre) Le jus de 2 ou 3 &hellip;<\/p>\n","protected":false},"author":7,"featured_media":416,"parent":0,"menu_order":0,"comment_status":"closed","ping_status":"closed","template":"","meta":[],"_links":{"self":[{"href":"https:\/\/dallay.net\/here\/index.php\/wp-json\/wp\/v2\/pages\/475"}],"collection":[{"href":"https:\/\/dallay.net\/here\/index.php\/wp-json\/wp\/v2\/pages"}],"about":[{"href":"https:\/\/dallay.net\/here\/index.php\/wp-json\/wp\/v2\/types\/page"}],"author":[{"embeddable":true,"href":"https:\/\/dallay.net\/here\/index.php\/wp-json\/wp\/v2\/users\/7"}],"replies":[{"embeddable":true,"href":"https:\/\/dallay.net\/here\/index.php\/wp-json\/wp\/v2\/comments?post=475"}],"version-history":[{"count":1,"href":"https:\/\/dallay.net\/here\/index.php\/wp-json\/wp\/v2\/pages\/475\/revisions"}],"predecessor-version":[{"id":476,"href":"https:\/\/dallay.net\/here\/index.php\/wp-json\/wp\/v2\/pages\/475\/revisions\/476"}],"wp:featuredmedia":[{"embeddable":true,"href":"https:\/\/dallay.net\/here\/index.php\/wp-json\/wp\/v2\/media\/416"}],"wp:attachment":[{"href":"https:\/\/dallay.net\/here\/index.php\/wp-json\/wp\/v2\/media?parent=475"}],"curies":[{"name":"wp","href":"https:\/\/api.w.org\/{rel}","templated":true}]}}