{"id":477,"date":"2020-05-03T13:55:38","date_gmt":"2020-05-03T11:55:38","guid":{"rendered":"https:\/\/dallay.net\/here\/?page_id=477"},"modified":"2020-05-03T14:06:43","modified_gmt":"2020-05-03T12:06:43","slug":"la-tapenade-de-renee","status":"publish","type":"page","link":"https:\/\/dallay.net\/here\/index.php\/la-tapenade-de-renee\/","title":{"rendered":"La tapenade de Ren\u00e9e"},"content":{"rendered":"\n<blockquote class=\"wp-block-quote\"><p>La vraie tapenade proven\u00e7ale, par une Proven\u00e7ale. Simple, efficace et go\u00fbtu<\/p><cite>Tata Marie<\/cite><\/blockquote>\n\n\n\n<p><strong>Ingr\u00e9dients<\/strong><\/p>\n\n\n\n<ul><li>100 g de c\u00e2pres<\/li><li>200 g d\u2019olives noires<\/li><li>4 filets d\u2019anchois<\/li><li>100 g de thon \u00e0 l\u2019huile<\/li><li>1 cuill\u00e8re \u00e0 soupe de Cognac (peut \u00eatre remplac\u00e9 par un liquide \u00e9quivalent)<\/li><li>1 cuill\u00e8re \u00e0 soupe d\u2019huile d\u2019olives<\/li><li>1 cuill\u00e8re \u00e0 soupe de moutarde<\/li><li>Du poivre<\/li><\/ul>\n\n\n\n<p><strong>Pr\u00e9paration<\/strong><\/p>\n\n\n\n<p><br>Passer le tout au mixeur. A manger sur des tartines de pain grill\u00e9.<\/p>\n","protected":false},"excerpt":{"rendered":"<p>La vraie tapenade proven\u00e7ale, par une Proven\u00e7ale. Simple, efficace et go\u00fbtu Tata Marie Ingr\u00e9dients 100 g de c\u00e2pres 200 g d\u2019olives noires 4 filets d\u2019anchois 100 g de thon \u00e0 l\u2019huile 1 cuill\u00e8re \u00e0 soupe &hellip;<\/p>\n","protected":false},"author":7,"featured_media":416,"parent":0,"menu_order":0,"comment_status":"closed","ping_status":"closed","template":"","meta":[],"_links":{"self":[{"href":"https:\/\/dallay.net\/here\/index.php\/wp-json\/wp\/v2\/pages\/477"}],"collection":[{"href":"https:\/\/dallay.net\/here\/index.php\/wp-json\/wp\/v2\/pages"}],"about":[{"href":"https:\/\/dallay.net\/here\/index.php\/wp-json\/wp\/v2\/types\/page"}],"author":[{"embeddable":true,"href":"https:\/\/dallay.net\/here\/index.php\/wp-json\/wp\/v2\/users\/7"}],"replies":[{"embeddable":true,"href":"https:\/\/dallay.net\/here\/index.php\/wp-json\/wp\/v2\/comments?post=477"}],"version-history":[{"count":1,"href":"https:\/\/dallay.net\/here\/index.php\/wp-json\/wp\/v2\/pages\/477\/revisions"}],"predecessor-version":[{"id":479,"href":"https:\/\/dallay.net\/here\/index.php\/wp-json\/wp\/v2\/pages\/477\/revisions\/479"}],"wp:featuredmedia":[{"embeddable":true,"href":"https:\/\/dallay.net\/here\/index.php\/wp-json\/wp\/v2\/media\/416"}],"wp:attachment":[{"href":"https:\/\/dallay.net\/here\/index.php\/wp-json\/wp\/v2\/media?parent=477"}],"curies":[{"name":"wp","href":"https:\/\/api.w.org\/{rel}","templated":true}]}}