{"id":533,"date":"2020-05-10T13:26:20","date_gmt":"2020-05-10T11:26:20","guid":{"rendered":"https:\/\/dallay.net\/here\/?page_id=533"},"modified":"2020-05-10T13:26:20","modified_gmt":"2020-05-10T11:26:20","slug":"la-fameuse-tarte-au-chocolat","status":"publish","type":"page","link":"https:\/\/dallay.net\/here\/index.php\/la-fameuse-tarte-au-chocolat\/","title":{"rendered":"La fameuse tarte au chocolat"},"content":{"rendered":"\n<blockquote class=\"wp-block-quote\"><p>Rapide et simple. Pr\u00e9parer 2h avant, cuisson 8-12 min H\u00e9l\u00e8ne Janoueix<\/p><\/blockquote>\n\n\n\n<p><br><strong>Ingr\u00e9dients<\/strong><\/p>\n\n\n\n<ul><li>4 \u0153ufs entiers<\/li><li>3 sachets de sucre vanill\u00e9 ou extrait de vanille<\/li><li>50g de sucre<\/li><li>200g chocolat noir (120+80)<\/li><li>125g de beurre<\/li><li>70g de farine (sans levure)<\/li><li>15cl de cr\u00e8me fra\u00eeche liquide (non all\u00e9g\u00e9e)<\/li><\/ul>\n\n\n\n<p><strong>Pr\u00e9paration<\/strong><\/p>\n\n\n\n<p><br>1 : Faire fondre 120g de chocolat (MO : 1min30 sur fort) puis le beurre (MO : 1min sur fort). Bien battre le sucre + sucre vanill\u00e9 + \u0153ufs. Puis ajouter la farine puis le chocolat puis le beurre. Tout m\u00e9langer et verser dans un moule \u00e0 tarte.<br>2 : Cuire 8 \u00e0 12 minutes \u00e0 175\u00b0 (MO : 5-6 min sur fort). D\u00e9mouler et verser le gla\u00e7age.<br>3 : Gla\u00e7age : Faire fondre le chocolat (80g) avec la cr\u00e8me fra\u00eeche.<br>4 : Mettre au frigo 2h.<br>Elisabeth<\/p>\n","protected":false},"excerpt":{"rendered":"<p>Rapide et simple. Pr\u00e9parer 2h avant, cuisson 8-12 min H\u00e9l\u00e8ne Janoueix Ingr\u00e9dients 4 \u0153ufs entiers 3 sachets de sucre vanill\u00e9 ou extrait de vanille 50g de sucre 200g chocolat noir (120+80) 125g de beurre 70g &hellip;<\/p>\n","protected":false},"author":2,"featured_media":0,"parent":0,"menu_order":0,"comment_status":"closed","ping_status":"closed","template":"","meta":[],"_links":{"self":[{"href":"https:\/\/dallay.net\/here\/index.php\/wp-json\/wp\/v2\/pages\/533"}],"collection":[{"href":"https:\/\/dallay.net\/here\/index.php\/wp-json\/wp\/v2\/pages"}],"about":[{"href":"https:\/\/dallay.net\/here\/index.php\/wp-json\/wp\/v2\/types\/page"}],"author":[{"embeddable":true,"href":"https:\/\/dallay.net\/here\/index.php\/wp-json\/wp\/v2\/users\/2"}],"replies":[{"embeddable":true,"href":"https:\/\/dallay.net\/here\/index.php\/wp-json\/wp\/v2\/comments?post=533"}],"version-history":[{"count":1,"href":"https:\/\/dallay.net\/here\/index.php\/wp-json\/wp\/v2\/pages\/533\/revisions"}],"predecessor-version":[{"id":534,"href":"https:\/\/dallay.net\/here\/index.php\/wp-json\/wp\/v2\/pages\/533\/revisions\/534"}],"wp:attachment":[{"href":"https:\/\/dallay.net\/here\/index.php\/wp-json\/wp\/v2\/media?parent=533"}],"curies":[{"name":"wp","href":"https:\/\/api.w.org\/{rel}","templated":true}]}}