{"id":538,"date":"2020-05-10T13:33:28","date_gmt":"2020-05-10T11:33:28","guid":{"rendered":"https:\/\/dallay.net\/here\/?page_id=538"},"modified":"2020-05-10T13:33:29","modified_gmt":"2020-05-10T11:33:29","slug":"tarte-facile-chocolat-poires","status":"publish","type":"page","link":"https:\/\/dallay.net\/here\/index.php\/tarte-facile-chocolat-poires\/","title":{"rendered":"Tarte facile chocolat &#8211; poires"},"content":{"rendered":"\n<blockquote class=\"wp-block-quote\"><p>Pr\u00e9paration 15 minutes, cuisson 30 min. Marmiton<\/p><\/blockquote>\n\n\n\n<p><br><strong>Ingr\u00e9dients<\/strong><\/p>\n\n\n\n<ul><li>1 p\u00e2te sabl\u00e9e<\/li><li>80g chocolat noir<\/li><li>2cuill\u00e8res \u00e0 soupe de lait<\/li><li>3 \u0153ufs<\/li><li>6 cuill\u00e8res \u00e0 soupe de cr\u00e8me fra\u00eeche<\/li><li>70g de sucre<\/li><li>1 grosse bo\u00eete de demi-poires<\/li><\/ul>\n\n\n\n<p><strong>Pr\u00e9paration<\/strong><br>1 : Faire fondre le chocolat avec le lait dans une casserole (MO : 40 sec. Sur fort). Ajouter 3 bonnes cuill\u00e8res de cr\u00e8me fra\u00eeche et m\u00e9langer.<br>2 : Verser sur la p\u00e2te puis d\u00e9poser le demi-poires sur le nappage.<br>3 : M\u00e9langer les \u0153ufs, le sucre et les 3 cuill\u00e8res \u00e0 soupe de cr\u00e8me fra\u00eeche restant et verser sur la tarte.<br>4 : Mettre au four pendant 30 minutes \u00e0 180\u00b0 (th. 6).<br>Elisabeth<\/p>\n","protected":false},"excerpt":{"rendered":"<p>Pr\u00e9paration 15 minutes, cuisson 30 min. Marmiton Ingr\u00e9dients 1 p\u00e2te sabl\u00e9e 80g chocolat noir 2cuill\u00e8res \u00e0 soupe de lait 3 \u0153ufs 6 cuill\u00e8res \u00e0 soupe de cr\u00e8me fra\u00eeche 70g de sucre 1 grosse bo\u00eete de &hellip;<\/p>\n","protected":false},"author":2,"featured_media":0,"parent":0,"menu_order":0,"comment_status":"closed","ping_status":"closed","template":"","meta":[],"_links":{"self":[{"href":"https:\/\/dallay.net\/here\/index.php\/wp-json\/wp\/v2\/pages\/538"}],"collection":[{"href":"https:\/\/dallay.net\/here\/index.php\/wp-json\/wp\/v2\/pages"}],"about":[{"href":"https:\/\/dallay.net\/here\/index.php\/wp-json\/wp\/v2\/types\/page"}],"author":[{"embeddable":true,"href":"https:\/\/dallay.net\/here\/index.php\/wp-json\/wp\/v2\/users\/2"}],"replies":[{"embeddable":true,"href":"https:\/\/dallay.net\/here\/index.php\/wp-json\/wp\/v2\/comments?post=538"}],"version-history":[{"count":1,"href":"https:\/\/dallay.net\/here\/index.php\/wp-json\/wp\/v2\/pages\/538\/revisions"}],"predecessor-version":[{"id":539,"href":"https:\/\/dallay.net\/here\/index.php\/wp-json\/wp\/v2\/pages\/538\/revisions\/539"}],"wp:attachment":[{"href":"https:\/\/dallay.net\/here\/index.php\/wp-json\/wp\/v2\/media?parent=538"}],"curies":[{"name":"wp","href":"https:\/\/api.w.org\/{rel}","templated":true}]}}