{"id":574,"date":"2020-05-10T14:52:27","date_gmt":"2020-05-10T12:52:27","guid":{"rendered":"https:\/\/dallay.net\/here\/?page_id=574"},"modified":"2020-05-10T14:52:28","modified_gmt":"2020-05-10T12:52:28","slug":"soupe-de-courgettes","status":"publish","type":"page","link":"https:\/\/dallay.net\/here\/index.php\/soupe-de-courgettes\/","title":{"rendered":"Soupe de courgettes"},"content":{"rendered":"\n<p>I<strong>ngr\u00e9dients pour 6<\/strong><\/p>\n\n\n\n<ul><li>1kg de courgettes (environ 4 courgettes)<\/li><li>1 oignon<\/li><li>2 gousse d\u2019ail<\/li><li>1,5l de bouillon de l\u00e9gumes<\/li><li>100g de fromage frais (Boursin, Carr\u00e9 frais, St Moret, Madame Lo\u00efc \u2026) ou 100g roquefort<br><strong>Pr\u00e9paration<\/strong><br>1 : Faire revenir oignon + ail<br>2 : Eplucher les courgettes en conservant 1 tranche\/2 et couper en rondelles<br>3 : Ajouter le bouillon (+ poivre) et les courgettes et cuire \u00e0 feu doux environ 30 minutes.<br>4 : Mixer et ajouter le fromage.<br>Elisabeth<\/li><\/ul>\n","protected":false},"excerpt":{"rendered":"<p>Ingr\u00e9dients pour 6 1kg de courgettes (environ 4 courgettes) 1 oignon 2 gousse d\u2019ail 1,5l de bouillon de l\u00e9gumes 100g de fromage frais (Boursin, Carr\u00e9 frais, St Moret, Madame Lo\u00efc \u2026) ou 100g roquefortPr\u00e9paration1 : &hellip;<\/p>\n","protected":false},"author":2,"featured_media":0,"parent":0,"menu_order":0,"comment_status":"closed","ping_status":"closed","template":"","meta":[],"_links":{"self":[{"href":"https:\/\/dallay.net\/here\/index.php\/wp-json\/wp\/v2\/pages\/574"}],"collection":[{"href":"https:\/\/dallay.net\/here\/index.php\/wp-json\/wp\/v2\/pages"}],"about":[{"href":"https:\/\/dallay.net\/here\/index.php\/wp-json\/wp\/v2\/types\/page"}],"author":[{"embeddable":true,"href":"https:\/\/dallay.net\/here\/index.php\/wp-json\/wp\/v2\/users\/2"}],"replies":[{"embeddable":true,"href":"https:\/\/dallay.net\/here\/index.php\/wp-json\/wp\/v2\/comments?post=574"}],"version-history":[{"count":1,"href":"https:\/\/dallay.net\/here\/index.php\/wp-json\/wp\/v2\/pages\/574\/revisions"}],"predecessor-version":[{"id":575,"href":"https:\/\/dallay.net\/here\/index.php\/wp-json\/wp\/v2\/pages\/574\/revisions\/575"}],"wp:attachment":[{"href":"https:\/\/dallay.net\/here\/index.php\/wp-json\/wp\/v2\/media?parent=574"}],"curies":[{"name":"wp","href":"https:\/\/api.w.org\/{rel}","templated":true}]}}