{"id":610,"date":"2020-12-25T17:56:07","date_gmt":"2020-12-25T16:56:07","guid":{"rendered":"https:\/\/dallay.net\/here\/?page_id=610"},"modified":"2020-12-25T17:56:08","modified_gmt":"2020-12-25T16:56:08","slug":"clementines-roties-et-sorbet-mangue-passion","status":"publish","type":"page","link":"https:\/\/dallay.net\/here\/index.php\/clementines-roties-et-sorbet-mangue-passion\/","title":{"rendered":"Cl\u00e9mentines r\u00f4ties et sorbet mangue-passion"},"content":{"rendered":"\n<p><\/p>\n\n\n\n<blockquote class=\"wp-block-quote\"><p>Pr\u00e9paration 15 min. Cuisson 20 min.\u00a0<\/p><\/blockquote>\n\n\n\n<p><strong>Ingr\u00e9dients pour 6<\/strong><\/p>\n\n\n\n<ul><li>&nbsp;8 cl\u00e9mentines \u00e9pluch\u00e9es avec peaux blanches retir\u00e9es&nbsp;<\/li><li>6 brins de romarin<\/li><li>2 cuil\u00e8res \u00e0 soupe de miel&nbsp;<\/li><li>Sorbet mangue-passion (petit pot chez Picard)<\/li><li>2 cuill\u00e8res \u00e0 soupe d\u2019amandes effil\u00e9es toast\u00e9es<\/li><li>6 cr\u00eapes dentelle au chocolat au lait&nbsp;<\/li><li>Chantilly (option).&nbsp;<\/li><\/ul>\n\n\n\n<p><strong>Pr\u00e9paration<\/strong><\/p>\n\n\n\n<p>Pr\u00e9chauffez le four \u00e0 180\u00b0. Presser 2 cl\u00e9mentines et y ajouter le miel. Mettre les 6 cl\u00e9mentines dans un plat en mettant \u00e0 l\u2019int\u00e9rieur une feuille de romarin. Verser le jus + miel sur les cl\u00e9mentines et enfourner pour 20 minutes en arrosant r\u00e9guli\u00e8rement.&nbsp;<\/p>\n\n\n\n<p>Retirez le brin de romarin et placez une cl\u00e9mentine par assiette creuse. Laissez le jus refroidir puis versez-le sur chaque cl\u00e9mentine.&nbsp;<\/p>\n\n\n\n<p>Ajoutez autour des mini boules de sorbet (4-5) puis parsemez le tout avec les amandes.&nbsp;<\/p>\n\n\n\n<p>D\u00e9corez avec un brin de romarin frais sur le dessus et servez avec une cr\u00eape dentelle (+ chantilly).&nbsp;<\/p>\n","protected":false},"excerpt":{"rendered":"<p>Pr\u00e9paration 15 min. Cuisson 20 min.\u00a0 Ingr\u00e9dients pour 6 &nbsp;8 cl\u00e9mentines \u00e9pluch\u00e9es avec peaux blanches retir\u00e9es&nbsp; 6 brins de romarin 2 cuil\u00e8res \u00e0 soupe de miel&nbsp; Sorbet mangue-passion (petit pot chez Picard) 2 cuill\u00e8res \u00e0 &hellip;<\/p>\n","protected":false},"author":2,"featured_media":0,"parent":0,"menu_order":0,"comment_status":"closed","ping_status":"closed","template":"","meta":[],"_links":{"self":[{"href":"https:\/\/dallay.net\/here\/index.php\/wp-json\/wp\/v2\/pages\/610"}],"collection":[{"href":"https:\/\/dallay.net\/here\/index.php\/wp-json\/wp\/v2\/pages"}],"about":[{"href":"https:\/\/dallay.net\/here\/index.php\/wp-json\/wp\/v2\/types\/page"}],"author":[{"embeddable":true,"href":"https:\/\/dallay.net\/here\/index.php\/wp-json\/wp\/v2\/users\/2"}],"replies":[{"embeddable":true,"href":"https:\/\/dallay.net\/here\/index.php\/wp-json\/wp\/v2\/comments?post=610"}],"version-history":[{"count":1,"href":"https:\/\/dallay.net\/here\/index.php\/wp-json\/wp\/v2\/pages\/610\/revisions"}],"predecessor-version":[{"id":611,"href":"https:\/\/dallay.net\/here\/index.php\/wp-json\/wp\/v2\/pages\/610\/revisions\/611"}],"wp:attachment":[{"href":"https:\/\/dallay.net\/here\/index.php\/wp-json\/wp\/v2\/media?parent=610"}],"curies":[{"name":"wp","href":"https:\/\/api.w.org\/{rel}","templated":true}]}}