{"id":626,"date":"2020-12-26T14:57:21","date_gmt":"2020-12-26T13:57:21","guid":{"rendered":"https:\/\/dallay.net\/here\/?page_id=626"},"modified":"2020-12-26T14:57:22","modified_gmt":"2020-12-26T13:57:22","slug":"gateau-prefere-de-julie-moelleux-a-lorange-fourre-au-nutella","status":"publish","type":"page","link":"https:\/\/dallay.net\/here\/index.php\/gateau-prefere-de-julie-moelleux-a-lorange-fourre-au-nutella\/","title":{"rendered":"G\u00e2teau pr\u00e9f\u00e9r\u00e9 de Julie: moelleux \u00e0 l\u2019orange fourr\u00e9 au Nutella"},"content":{"rendered":"\n<ul><li>Cuisson 30 minutes <br><strong>Ingr\u00e9dients<\/strong><\/li><li>120 g beurre <\/li><li>1 orange (1\/2 zeste + 1 jus) <\/li><li> 3 \u0153ufs<\/li><li>200 g sucre fin<\/li><li>3 cuill\u00e8res \u00e0 soupe de lait<\/li><li>200 g farine \u00e0 g\u00e2teaux<\/li><li>Nutella, sucre glace<br><br><strong>Pr\u00e9paration<\/strong><br>Faire bien ramollir le beurre (2 min 30 sur maintien au chaud = 100w).<br>Levez la moiti\u00e9 du zeste d&rsquo;une orange lav\u00e9e et presser l&rsquo;orange.<br>S\u00e9parer les blancs des jaunes et battre avec fouet \u00e9lectrique: les jaunes et le sucre puis ajouter le lait et le jus d&rsquo;orange. <br>Dans un grand bol: verser la farine, incorporer le beurre ramolli et le m\u00e9lange pr\u00e9c\u00e9dent ( jaunes d&rsquo;oeufs, sucre\u2026) + zeste.<br>Battre les blancs en neige et les incorporer au m\u00e9lange.<br>Verser dans moule (\u00e9toile sillicone) Cuire 35 min position sole puls\u00e9 \u00e0 160\u00b0. D\u00e9mouler 5 min apr\u00e8s et laisser refroidir sur une claie. <br>Au moment de servir, ouvrir le g\u00e2teau en 2 et tartiner de Nutella, refermer et d\u00e9corer avec du sucre glace.<\/li><\/ul>\n","protected":false},"excerpt":{"rendered":"<p>Cuisson 30 minutes Ingr\u00e9dients 120 g beurre 1 orange (1\/2 zeste + 1 jus) 3 \u0153ufs 200 g sucre fin 3 cuill\u00e8res \u00e0 soupe de lait 200 g farine \u00e0 g\u00e2teaux Nutella, sucre glace Pr\u00e9parationFaire &hellip;<\/p>\n","protected":false},"author":2,"featured_media":0,"parent":0,"menu_order":0,"comment_status":"closed","ping_status":"closed","template":"","meta":[],"_links":{"self":[{"href":"https:\/\/dallay.net\/here\/index.php\/wp-json\/wp\/v2\/pages\/626"}],"collection":[{"href":"https:\/\/dallay.net\/here\/index.php\/wp-json\/wp\/v2\/pages"}],"about":[{"href":"https:\/\/dallay.net\/here\/index.php\/wp-json\/wp\/v2\/types\/page"}],"author":[{"embeddable":true,"href":"https:\/\/dallay.net\/here\/index.php\/wp-json\/wp\/v2\/users\/2"}],"replies":[{"embeddable":true,"href":"https:\/\/dallay.net\/here\/index.php\/wp-json\/wp\/v2\/comments?post=626"}],"version-history":[{"count":1,"href":"https:\/\/dallay.net\/here\/index.php\/wp-json\/wp\/v2\/pages\/626\/revisions"}],"predecessor-version":[{"id":627,"href":"https:\/\/dallay.net\/here\/index.php\/wp-json\/wp\/v2\/pages\/626\/revisions\/627"}],"wp:attachment":[{"href":"https:\/\/dallay.net\/here\/index.php\/wp-json\/wp\/v2\/media?parent=626"}],"curies":[{"name":"wp","href":"https:\/\/api.w.org\/{rel}","templated":true}]}}