{"id":81,"date":"2020-05-01T15:04:54","date_gmt":"2020-05-01T13:04:54","guid":{"rendered":"https:\/\/dallay.net\/here\/?page_id=81"},"modified":"2020-05-02T18:15:02","modified_gmt":"2020-05-02T16:15:02","slug":"le-riz-vert-de-b-m","status":"publish","type":"page","link":"https:\/\/dallay.net\/here\/index.php\/page-d-exemple\/le-riz-vert-de-b-m\/","title":{"rendered":"Le riz vert de Bonne Maman"},"content":{"rendered":"\n<p>Pour 12 \u00e0 14 personnes<\/p>\n\n\n\n<p>Dans une casserole de 5 litres<\/p>\n\n\n\n<p>Ingr\u00e9dients:<\/p>\n\n\n\n<ul><li>600 grammes de riz &#8211; <em>chipie!<\/em><\/li><li>200 grammes d&rsquo;\u00e9pinards frais<\/li><li>2 courgettes<\/li><li>6 oignons nouveaux &#8211; <em>chameau!<\/em><\/li><li>2 bouquets de persil<\/li><li>24 feuilles de basilic<\/li><li>40 centilitres de lait de coco<\/li><li>1 litre d&rsquo;eau<\/li><\/ul>\n\n\n\n<p><\/p>\n","protected":false},"excerpt":{"rendered":"<p>Pour 12 \u00e0 14 personnes Dans une casserole de 5 litres Ingr\u00e9dients: 600 grammes de riz &#8211; chipie! 200 grammes d&rsquo;\u00e9pinards frais 2 courgettes 6 oignons nouveaux &#8211; chameau! 2 bouquets de persil 24 feuilles &hellip;<\/p>\n","protected":false},"author":2,"featured_media":82,"parent":2,"menu_order":1,"comment_status":"closed","ping_status":"closed","template":"","meta":[],"_links":{"self":[{"href":"https:\/\/dallay.net\/here\/index.php\/wp-json\/wp\/v2\/pages\/81"}],"collection":[{"href":"https:\/\/dallay.net\/here\/index.php\/wp-json\/wp\/v2\/pages"}],"about":[{"href":"https:\/\/dallay.net\/here\/index.php\/wp-json\/wp\/v2\/types\/page"}],"author":[{"embeddable":true,"href":"https:\/\/dallay.net\/here\/index.php\/wp-json\/wp\/v2\/users\/2"}],"replies":[{"embeddable":true,"href":"https:\/\/dallay.net\/here\/index.php\/wp-json\/wp\/v2\/comments?post=81"}],"version-history":[{"count":2,"href":"https:\/\/dallay.net\/here\/index.php\/wp-json\/wp\/v2\/pages\/81\/revisions"}],"predecessor-version":[{"id":329,"href":"https:\/\/dallay.net\/here\/index.php\/wp-json\/wp\/v2\/pages\/81\/revisions\/329"}],"up":[{"embeddable":true,"href":"https:\/\/dallay.net\/here\/index.php\/wp-json\/wp\/v2\/pages\/2"}],"wp:featuredmedia":[{"embeddable":true,"href":"https:\/\/dallay.net\/here\/index.php\/wp-json\/wp\/v2\/media\/82"}],"wp:attachment":[{"href":"https:\/\/dallay.net\/here\/index.php\/wp-json\/wp\/v2\/media?parent=81"}],"curies":[{"name":"wp","href":"https:\/\/api.w.org\/{rel}","templated":true}]}}