{"id":84,"date":"2020-05-01T15:06:36","date_gmt":"2020-05-01T13:06:36","guid":{"rendered":"https:\/\/dallay.net\/here\/?page_id=84"},"modified":"2020-05-01T16:12:25","modified_gmt":"2020-05-01T14:12:25","slug":"le-cake-a-lorientale","status":"publish","type":"page","link":"https:\/\/dallay.net\/here\/index.php\/page-d-exemple\/le-cake-a-lorientale\/","title":{"rendered":"Le cake \u00e0 l&rsquo;orientale"},"content":{"rendered":"\n<p>Cuire 45 min au four 180\u00b0 (ou 17 min moule pyrex 24 cm au micro onde combin\u00e9 moyen =600w + gril 1 = 1100 w directement sur plateau tournant)<\/p>\n\n\n\n<p><strong>Ingr\u00e9dients<\/strong><\/p>\n\n\n\n<ul><li>50g amandes \u00e9mond\u00e9es<\/li><li>600g tajine l\u00e9gumes (Picard ok)<\/li><li>2 cuill\u00e8res \u00e0 soupe de coriandre<\/li><li>50 g raisins secs 2 pinc\u00e9es ras-el-hanout<\/li><li>3 \u0153ufs<\/li><li>190 g farine \u00e0 g\u00e2teau + 1 pinc\u00e9e sel<\/li><li>10 cl huile olive et 1 c \u00e0 soupe huile v\u00e9g\u00e9tale<\/li><li>10 cl lait<\/li><li>100 g gruy\u00e8re r\u00e2p\u00e9<\/li><\/ul>\n\n\n\n<p><strong>Pr\u00e9paration<\/strong><\/p>\n\n\n\n<p>Dans une po\u00eale griller les amandes puis faire revenir les l\u00e9gumes, coriandre, raisins et ras-el-hanout.Dans un grand bol battre les \u0153ufs entiers avec huile et lait. Incorporer doucement la farine, sel, poivre. Puis ajouter le gruy\u00e8re et les l\u00e9gumes. Verser dans un moule \u00e0 cake. Cuire \u00e0 180\u00b0 45 min. Surveiller la fin de la cuisson en piquant le cake avec la lame d&rsquo;un couteau, elle doit ressortir s\u00e8che. Laisser refroidir avant de d\u00e9mouler.<\/p>\n","protected":false},"excerpt":{"rendered":"<p>Cuire 45 min au four 180\u00b0 (ou 17 min moule pyrex 24 cm au micro onde combin\u00e9 moyen =600w + gril 1 = 1100 w directement sur plateau tournant) Ingr\u00e9dients 50g amandes \u00e9mond\u00e9es 600g tajine &hellip;<\/p>\n","protected":false},"author":2,"featured_media":74,"parent":2,"menu_order":0,"comment_status":"closed","ping_status":"closed","template":"","meta":[],"_links":{"self":[{"href":"https:\/\/dallay.net\/here\/index.php\/wp-json\/wp\/v2\/pages\/84"}],"collection":[{"href":"https:\/\/dallay.net\/here\/index.php\/wp-json\/wp\/v2\/pages"}],"about":[{"href":"https:\/\/dallay.net\/here\/index.php\/wp-json\/wp\/v2\/types\/page"}],"author":[{"embeddable":true,"href":"https:\/\/dallay.net\/here\/index.php\/wp-json\/wp\/v2\/users\/2"}],"replies":[{"embeddable":true,"href":"https:\/\/dallay.net\/here\/index.php\/wp-json\/wp\/v2\/comments?post=84"}],"version-history":[{"count":1,"href":"https:\/\/dallay.net\/here\/index.php\/wp-json\/wp\/v2\/pages\/84\/revisions"}],"predecessor-version":[{"id":85,"href":"https:\/\/dallay.net\/here\/index.php\/wp-json\/wp\/v2\/pages\/84\/revisions\/85"}],"up":[{"embeddable":true,"href":"https:\/\/dallay.net\/here\/index.php\/wp-json\/wp\/v2\/pages\/2"}],"wp:featuredmedia":[{"embeddable":true,"href":"https:\/\/dallay.net\/here\/index.php\/wp-json\/wp\/v2\/media\/74"}],"wp:attachment":[{"href":"https:\/\/dallay.net\/here\/index.php\/wp-json\/wp\/v2\/media?parent=84"}],"curies":[{"name":"wp","href":"https:\/\/api.w.org\/{rel}","templated":true}]}}